{"id":855,"date":"2015-06-03T15:52:06","date_gmt":"2015-06-03T21:52:06","guid":{"rendered":"http:\/\/www.itcancun.edu.mx\/?page_id=855"},"modified":"2015-06-03T15:52:06","modified_gmt":"2015-06-03T21:52:06","slug":"ingenieria-en-gestion-empresarial","status":"publish","type":"page","link":"https:\/\/jbmtecnologias.com\/tec\/oferta\/licenciatura\/ingenieria-en-gestion-empresarial\/","title":{"rendered":"Ingenier\u00eda en Gesti\u00f3n Empresarial"},"content":{"rendered":"\t\t<div data-elementor-type=\"wp-page\" data-elementor-id=\"855\" class=\"elementor elementor-855\" data-elementor-settings=\"{&quot;ha_cmc_init_switcher&quot;:&quot;no&quot;}\">\n\t\t\t\t<div class=\"elementor-element elementor-element-8b6c477 e-flex e-con-boxed e-con e-parent\" data-id=\"8b6c477\" data-element_type=\"container\" data-settings=\"{&quot;_ha_eqh_enable&quot;:false}\">\n\t\t\t\t\t<div class=\"e-con-inner\">\n\t\t\t\t<div class=\"elementor-element elementor-element-352f6ba ha-has-bg-overlay elementor-widget elementor-widget-heading\" data-id=\"352f6ba\" data-element_type=\"widget\" data-widget_type=\"heading.default\">\n\t\t\t\t<div class=\"elementor-widget-container\">\n\t\t\t\t\t<h2 class=\"elementor-heading-title elementor-size-default\">ingenieria en gestion empresarial<\/h2>\t\t\t\t<\/div>\n\t\t\t\t<\/div>\n\t\t\t\t\t<\/div>\n\t\t\t\t<\/div>\n\t\t<div class=\"elementor-element elementor-element-bb11fb4 e-flex e-con-boxed e-con e-parent\" data-id=\"bb11fb4\" data-element_type=\"container\" data-settings=\"{&quot;_ha_eqh_enable&quot;:false}\">\n\t\t\t\t\t<div class=\"e-con-inner\">\n\t\t<div class=\"elementor-element elementor-element-317c51c e-con-full e-flex e-con e-child\" data-id=\"317c51c\" data-element_type=\"container\" data-settings=\"{&quot;_ha_eqh_enable&quot;:false}\">\n\t\t\t\t<div class=\"elementor-element elementor-element-1a4ad17 elementor-widget elementor-widget-text-editor\" data-id=\"1a4ad17\" data-element_type=\"widget\" data-widget_type=\"text-editor.default\">\n\t\t\t\t<div class=\"elementor-widget-container\">\n\t\t\t\t\t\t\t\t\t<p><span style=\"color: #1e3c6b; font-size: 14pt;\"><strong>Objetivo\u00a0General<\/strong><\/span><br \/><br \/>Formar profesionales que contribuyan a la gesti\u00f3n de empresas e innovaci\u00f3n de procesos; as\u00ed como al dise\u00f1o, implementaci\u00f3n y desarrollo de sistemas estrat\u00e9gicos de negocios, optimizando recursos en un entorno global, con \u00e9tica y responsabilidad social.<\/p>\t\t\t\t\t\t\t\t<\/div>\n\t\t\t\t<\/div>\n\t\t\t\t<div class=\"elementor-element elementor-element-1f18cfc elementor-widget elementor-widget-image\" data-id=\"1f18cfc\" data-element_type=\"widget\" data-widget_type=\"image.default\">\n\t\t\t\t<div class=\"elementor-widget-container\">\n\t\t\t\t\t\t\t\t\t\t\t\t\t\t\t<img decoding=\"async\" src=\"https:\/\/www.cancun.tecnm.mx\/wp-content\/uploads\/2024\/03\/Default_gestion_empresarial_3-1.jpg\" title=\"\" alt=\"\" loading=\"lazy\" \/>\t\t\t\t\t\t\t\t\t\t\t\t\t\t\t<\/div>\n\t\t\t\t<\/div>\n\t\t\t\t<\/div>\n\t\t\t\t\t<\/div>\n\t\t\t\t<\/div>\n\t\t<div class=\"elementor-element elementor-element-f9a84b9 e-flex e-con-boxed e-con e-parent\" data-id=\"f9a84b9\" data-element_type=\"container\" data-settings=\"{&quot;_ha_eqh_enable&quot;:false}\">\n\t\t\t\t\t<div class=\"e-con-inner\">\n\t\t\t\t<div class=\"elementor-element elementor-element-92509d9 elementor-widget elementor-widget-text-editor\" data-id=\"92509d9\" data-element_type=\"widget\" data-widget_type=\"text-editor.default\">\n\t\t\t\t<div class=\"elementor-widget-container\">\n\t\t\t\t\t\t\t\t\t<p><span style=\"font-size: 14pt; color: #1e3c6b;\">Perfil de Egreso<\/span><br \/><br \/><\/p>\n<p>1. Aplica habilidades directivas y de ingenier\u00eda en el dise\u00f1o, gesti\u00f3n, fortalecimiento e innovaci\u00f3n de las organizaciones para la toma de decisiones en forma efectiva, con una orientaci\u00f3n sist\u00e9mica y sustentable.<br \/><br \/><\/p>\n<p>2. Dise\u00f1a e innova estructuras administrativas y procesos, con base en las necesidades de las organizaciones para competir eficientemente en mercados globales.<br \/><br \/><\/p>\n<p>3. Gestiona eficientemente los recursos de la organizaci\u00f3n con visi\u00f3n compartida, con el fin de<br \/>suministrar bienes y servicios de calidad.<br \/><br \/><\/p>\n<p>4. Aplica m\u00e9todos cuantitativos y cualitativos en el an\u00e1lisis e interpretaci\u00f3n de datos y modelado de sistemas en los procesos organizacionales, para la mejora continua atendiendo est\u00e1ndares de calidad mundial.<br \/><br \/><\/p>\n<p>5. Dise\u00f1a, y emprende nuevos negocios y proyectos empresariales sustentables en mercados<br \/>competitivos, para promover el desarrollo.<br \/><br \/><\/p>\n<p>6. Dise\u00f1a e implementa estrategias de mercadotecnia basadas en informaci\u00f3n recopilada de fuentes primarias y secundarias, para incrementar la competitividad de las organizaciones.<br \/><br \/><\/p>\n<p>7. Implementa planes y programas de seguridad e higiene para el fortalecimiento del entorno laboral.<br \/><br \/><\/p>\n<p>8. Gestiona sistemas integrales de calidad para la mejora de los procesos, ejerciendo un liderazgo\u00a0<span style=\"color: var( --e-global-color-text ); font-weight: var( --e-global-typography-text-font-weight );\">estrat\u00e9gico y un compromiso \u00e9tico.<\/span><\/p>\n<p>\u00a0<\/p>\n<p>9. Aplica las normas legales para la creaci\u00f3n y desarrollo de las organizaciones.<br \/><br \/><\/p>\n<p>10. Dirige equipos de trabajo para la mejora continua y el crecimiento integral de las organizaciones.<br \/><br \/><\/p>\n<p>11. Interpreta la informaci\u00f3n financiera para detectar oportunidades de mejora e inversi\u00f3n en un mundo<br \/>global, que propicien la rentabilidad del negocio.<br \/><br \/><\/p>\n<p>12. Utiliza las nuevas tecnolog\u00edas de informaci\u00f3n y comunicaci\u00f3n en la organizaci\u00f3n, para optimizar<br \/>los procesos y la eficaz toma de decisiones.<br \/><br \/><\/p>\n<p>13. Promueve el desarrollo del capital humano, para la realizaci\u00f3n de los objetivos organizacionales,<br \/>dentro de un marco \u00e9tico y un contexto multicultural.<br \/><br \/><\/p>\n<p>14. Aplica m\u00e9todos de investigaci\u00f3n para desarrollar e innovar modelos, sistemas, procesos y productos<br \/>en las diferentes dimensiones de la organizaci\u00f3n.<br \/><br \/><\/p>\n<p>15. Gestiona la cadena de suministro de las organizaciones con un enfoque orientado a procesos para<br \/>incrementar la productividad.<br \/><br \/><\/p>\n<p>16. Analiza las variables econ\u00f3micas para facilitar la toma estrat\u00e9gica de decisiones en la organizaci\u00f3n.<br \/><br \/><\/p>\n<p>17. Act\u00faa como agente de cambio para facilitar la mejora continua y el desempe\u00f1o de las<br \/>organizaciones.<br \/><br \/><\/p>\n<p>18. Aplica m\u00e9todos, t\u00e9cnicas y herramientas para la soluci\u00f3n de problemas en la gesti\u00f3n empresarial<br \/>con una visi\u00f3n estrat\u00e9gica.<\/p>\t\t\t\t\t\t\t\t<\/div>\n\t\t\t\t<\/div>\n\t\t\t\t\t<\/div>\n\t\t\t\t<\/div>\n\t\t<div class=\"elementor-element elementor-element-61709c3 e-flex e-con-boxed e-con e-parent\" data-id=\"61709c3\" data-element_type=\"container\" data-settings=\"{&quot;_ha_eqh_enable&quot;:false}\">\n\t\t\t\t\t<div class=\"e-con-inner\">\n\t\t\t\t<div class=\"elementor-element elementor-element-fa7af6c elementor-widget elementor-widget-image\" data-id=\"fa7af6c\" data-element_type=\"widget\" data-widget_type=\"image.default\">\n\t\t\t\t<div class=\"elementor-widget-container\">\n\t\t\t\t\t\t\t\t\t\t\t\t\t\t\t<img decoding=\"async\" src=\"https:\/\/www.cancun.tecnm.mx\/wp-content\/uploads\/2024\/03\/Captura-de-pantalla-2024-03-12-175700.png\" title=\"\" alt=\"\" loading=\"lazy\" \/>\t\t\t\t\t\t\t\t\t\t\t\t\t\t\t<\/div>\n\t\t\t\t<\/div>\n\t\t\t\t\t<\/div>\n\t\t\t\t<\/div>\n\t\t\t\t<\/div>\n\t\t","protected":false},"excerpt":{"rendered":"<p>ingenieria en gestion empresarial Objetivo\u00a0General Formar profesionales que contribuyan a la gesti\u00f3n de empresas e innovaci\u00f3n de procesos; as\u00ed como al dise\u00f1o, implementaci\u00f3n y desarrollo de sistemas estrat\u00e9gicos de negocios, optimizando recursos en un entorno global, con \u00e9tica y responsabilidad social. Perfil de Egreso 1. Aplica habilidades directivas y de ingenier\u00eda en el dise\u00f1o, gesti\u00f3n, [&hellip;]<\/p>\n","protected":false},"author":1,"featured_media":0,"parent":66,"menu_order":4,"comment_status":"open","ping_status":"closed","template":"","meta":{"footnotes":""},"class_list":["post-855","page","type-page","status-publish","hentry"],"_links":{"self":[{"href":"https:\/\/jbmtecnologias.com\/tec\/wp-json\/wp\/v2\/pages\/855","targetHints":{"allow":["GET"]}}],"collection":[{"href":"https:\/\/jbmtecnologias.com\/tec\/wp-json\/wp\/v2\/pages"}],"about":[{"href":"https:\/\/jbmtecnologias.com\/tec\/wp-json\/wp\/v2\/types\/page"}],"author":[{"embeddable":true,"href":"https:\/\/jbmtecnologias.com\/tec\/wp-json\/wp\/v2\/users\/1"}],"replies":[{"embeddable":true,"href":"https:\/\/jbmtecnologias.com\/tec\/wp-json\/wp\/v2\/comments?post=855"}],"version-history":[{"count":0,"href":"https:\/\/jbmtecnologias.com\/tec\/wp-json\/wp\/v2\/pages\/855\/revisions"}],"up":[{"embeddable":true,"href":"https:\/\/jbmtecnologias.com\/tec\/wp-json\/wp\/v2\/pages\/66"}],"wp:attachment":[{"href":"https:\/\/jbmtecnologias.com\/tec\/wp-json\/wp\/v2\/media?parent=855"}],"curies":[{"name":"wp","href":"https:\/\/api.w.org\/{rel}","templated":true}]}}