{"id":85,"date":"2015-04-17T10:11:30","date_gmt":"2015-04-17T16:11:30","guid":{"rendered":"http:\/\/www.itcancun.edu.mx\/?page_id=85"},"modified":"2015-04-17T10:11:30","modified_gmt":"2015-04-17T16:11:30","slug":"titulacion","status":"publish","type":"page","link":"https:\/\/jbmtecnologias.com\/tec\/estudiantes\/titulacion\/","title":{"rendered":"Titulaci\u00f3n"},"content":{"rendered":"<hr>\n<p>&nbsp;<\/p>\n<p>&nbsp;<\/p>\n<p>&nbsp;<\/p>\n<p><center><a href=\"https:\/\/www.itcancun.edu.mx\/wp-content\/uploads\/2018\/10\/DevolucionSATFinal-1.pdf\" target=\"_blank\" rel=\"noopener noreferrer\"><img decoding=\"async\" src=\"https:\/\/www.itcancun.edu.mx\/wp-content\/uploads\/2015\/04\/imagen-banner-titulacion.png\"><\/a><\/center><br \/>\n<strong>Objetivo<\/strong><\/p>\n<p>&nbsp;<\/p>\n<p>&nbsp;<\/p>\n<p>&nbsp;<\/p>\n<p>Establecer las normas y lineamientos para la presentaci\u00f3n del acto de recepci\u00f3n profesional para la obtenci\u00f3n del t\u00edtulo de licenciado del Sistema Nacional de Institutos Tecnol\u00f3gicos y para que los egresados del nivel licenciatura del Instituto Polit\u00e9cnico Nacional puedan sustentar el acto de recepci\u00f3n profesional en alg\u00fan instituto tecnol\u00f3gico y viceversa.<\/p>\n<div>\n<div class=\"fb-page\" data-href=\"https:\/\/www.facebook.com\/titulacionesitc\" data-small-header=\"true\" data-adapt-container-width=\"true\" data-hide-cover=\"false\" data-show-facepile=\"false\">\n<blockquote class=\"fb-xfbml-parse-ignore\" cite=\"https:\/\/www.facebook.com\/titulacionesitc\"><p><a href=\"https:\/\/www.facebook.com\/titulacionesitc\">Titulaciones ITC<\/a><\/p><\/blockquote>\n<\/div>\n<\/div>\n<p><strong>Relaci\u00f3n de documentos para la apertura del expediente administrativo para la titulaci\u00f3n<\/strong> <a class=\"btn btn-more btn-small\" href=\"https:\/\/www.cancun.tecnm.mx\/wp-content\/uploads\/2023\/01\/REQUISITOS-TITULACION.docx\">Descargar<\/a><\/p>\n<p>(Los tr\u00e1mites son personales, necesariamente deber\u00e1n presentar los documentos en original y copia legible para su integraci\u00f3n en el orden que se presentan a continuaci\u00f3n dentro de un f\u00f3lder tama\u00f1o oficio color crema)<\/p>\n<ol>\n<li>Solicitud de acto recepcional, llenado con letra de molde (original y copia).&nbsp;<a class=\"btn btn-more btn-small\" href=\"https:\/\/www.cancun.tecnm.mx\/wp-content\/uploads\/2023\/01\/SOLICITUD-ACTO-RECEPCIONAL-2023-3.docx\">Descargar<\/a><\/li>\n<li>Original y Copia del comprobante de no adeudo a la Instituci\u00f3n:&nbsp;<a class=\"btn btn-more btn-small\" href=\"https:\/\/www.cancun.tecnm.mx\/wp-content\/uploads\/2023\/01\/CONSTANCIA-NO-ADEUDO-2023.docx\">Descargar<\/a>\n<ul>\n<li>Para Ciencias de la Ingenier\u00eda e Inform\u00e1tica&nbsp;(IEM\/ISC\/LINF\/IGE\/IMCT\/ICIV\/IINF)<\/li>\n<li>Ciencias Econ\u00f3mico-Administrativas (LADM\/LCON\/COPU)<\/li>\n<\/ul>\n<\/li>\n<li>Recibo oficial de pago por tramitaci\u00f3n de t\u00edtulo y c\u00e9dula profesional ($500.00 Pesos, se entrega Original).***<\/li>\n<li>Recibo oficial de pago por aportaci\u00f3n para titulaci\u00f3n.($250.00 Pesos, se entrega Original) ***<\/li>\n<li>Recibo oficial de pago de compensaci\u00f3n a jurado. ($300.00 Pesos , se entrega Original). ***<\/li>\n<li>Pagar al banco formato DPA .$&#8230;&#8230;. (<u>PASAR A SERVICIOS ESCOLARES<\/u>) <!--solo agregar datos personales al DPA, recibo original del banco y 2 copias de recibo del banco (En caso de que la cantidad sufra alg\u00fan cambio en el transcurso del tr\u00e1mite, deber\u00e1 pagar la diferencia. <strong>(En caso de que sea extranjero favor de pasar\u00a0 a la Oficina de Servicios Estudiantiles, antes de realizar el pago)<\/strong>. <a class=\"btn btn-more btn-small\" href=\"https:\/\/www.itcancun.edu.mx\/wp-content\/uploads\/2018\/02\/dpa.doc\">Descargar formato--><\/li>\n<li>Original y 2 copias del Acta de Nacimiento (ACTUALIZADA con un m\u00e1ximo de 2 a\u00f1os de antig\u00fcedad) no se aceptan copias notariadas, importante resaltar con marcatexto en las copias: fecha de registro, nombre y apellidos del interesado, fecha de nacimiento, y nacionalidad de los padres.<\/li>\n<li>Original y 2 copias del Certificado de bachillerato o equivalente <strong>(constancia de de estudios en el que se incluya per\u00edodo de inicio y t\u00e9rmino de los mismos).<\/strong><\/li>\n<li>Convalidaci\u00f3n, equivalencia o revalidaci\u00f3n de estudios si proviene de otra escuela. (Original* y copia).<\/li>\n<li>Certificado profesional (original* y 2 copias) Todos los certificados deber\u00e1n ser acompa\u00f1ados de un oficio de validaci\u00f3n, s\u00f3lo en caso de que \u00e9stos presenten alguna anomal\u00eda.<\/li>\n<li>Constancia de liberaci\u00f3n del servicio social. (Original y copia).<\/li>\n<li>Constancia de liberaci\u00f3n de pr\u00e1cticas profesionales o residencia profesional (Original y copia).<\/li>\n<li>Constancia de acreditaci\u00f3n por comprensi\u00f3n de art\u00edculos t\u00e9cnicos cient\u00edficos de especialidad en el idioma ingl\u00e9s, para alumnos que ingresaron al Tecnol\u00f3gico posterior a 1993. (Original y copia).<\/li>\n<li>7 fotograf\u00edas tama\u00f1o credencial ovalada de frente, blanco y negro, papel mate sin brillo.\n<ul>\n<li>Damas: blusa blanca, saco tipo sastre color oscuro, maquillaje discreto, aretes peque\u00f1os, sin collar y prendedor.<\/li>\n<li>Caballeros: camisa blanca, saco obscuro y corbata discreta, sin bigote ni piercing.<\/li>\n<\/ul>\n<\/li>\n<li>4 fotograf\u00edas tama\u00f1o infantil (con las mismas caracter\u00edsticas de las fotos tama\u00f1o credencial-papel fotogr\u00e1fico profesional).<\/li>\n<li>Copia fotost\u00e1tica de CURP actualizado (2 copias). Imprime tu CURP.<\/li>\n<li>Formato DGP\/DR-01 (PASAR A SERVICIOS ESCOLARES).<!-- Formato DGP\/DR-01 debidamente llenado y firmado por el interesado. Pegar una foto infantil de las cuatro solicitadas. Imprimir el formato utilizando el frente y la vuelta de la hoja, <strong><a href=\"https:\/\/sirepve.sep.gob.mx\/validacionelectronica\/\" target=\"_blank\" rel=\"noopener noreferrer\">sirepve.sep.gob.mx\/validacionelectronica\/<\/a><\/strong>, sacar fotocopia una vez que se le ha pegado la foto y se ha firmado. Favor de indicar en el formato si su nombre o apellido lleva acento. El correo institucional que se pone en este documento es<b>\u00a0escolares@itcancun.edu.mx<\/b> y la clave institucional y por carreras se especifica en la siguiente tabla.\n\n\n<ul>\n \t\n\n<li><strong>Nota importante<\/strong>: Ver <strong><a href=\"https:\/\/youtu.be\/BQGQNTJf33g\" target=\"_blank\" rel=\"noopener noreferrer\">este video<\/a><\/strong>\u00a0para comprender el llenado de este documento.--><\/li>\n<li><strong>Darse de alta en el SAT (e.firma) <\/strong><!--Pago de <strong>COMPULSA<\/strong> por $ 11.00 pesos\u00a0<strong>(En caso de que sea extranjero favor de pasar\u00a0 a la Oficina de Servicios Estudiantiles, antes de realizar el pago)<\/strong> \u00a0<a class=\"btn btn-more btn-small\" href=\"https:\/\/www.itcancun.edu.mx\/wp-content\/uploads\/2018\/02\/COMPULSA.doc\">Descargar<\/a>--><\/li>\n<\/ol>\n<p>* Solo para cotejo.<\/p>\n<p>Nota: <strong>El certificado de bachillerato debe indicar el per\u00edodo de inicio y terminaci\u00f3n del mismo<\/strong>, de lo contrario solicitar constancia de aclaraci\u00f3n en la instituci\u00f3n educativa de procedencia. Las copias deben ser claras y legibles, con firmas y sellos completos y que no tengan los datos cortados. No se recibir\u00e1n para el tr\u00e1mite, documentos con firmas por poder o por ausencia. No se aceptan fotos instant\u00e1neas.<\/p>\n<p>***<strong>El pago deber\u00e1 efectuarse mediante el n\u00famero de referencia que se obtiene desde su portal del SIE. (3,4 y 5)<\/strong><\/p>\n<p>No se aceptar\u00e1n documentos enmicados, con roturas o enmendaduras.<\/p>\n<p><strong>Pago de compulsa por $&#8230;. (PASAR A SERVICIOS ESCOLARES).<\/strong><\/p>\n<p style=\"text-align: center;\"><strong><a class=\"btn btn-more\" href=\"http:\/\/cancun.tecnm.mx\/wp-content\/themes\/documentos-2023\/TITULACION2023.rar\" target=\"_blank\" rel=\"noopener noreferrer\">Descargar todos los documentos<\/a><\/strong><\/p>\n<p>[spoiler title = &#8220;Opciones de titulaci\u00f3n para licenciatura antes del plan 2004&#8221;]<\/p>\n<p><strong><span class=\"null\"><span class=\"null\">\u2022 Opci\u00f3n I. \u201cT\u00e9sis Profesional\u201d <\/span><\/span><\/strong><br \/>\n<strong><span class=\"null\"><span class=\"null\">\u2022 Opci\u00f3n II. \u201cLibros de Texto o Prototipos Did\u00e1cticos\u201d <\/span><\/span><\/strong><br \/>\n<strong><span class=\"null\"><span class=\"null\">\u2022 Opci\u00f3n III. \u201cProyecto de Investigaci\u00f3n\u201d <\/span><\/span><\/strong><br \/>\n<strong><span class=\"null\"><span class=\"null\">\u2022 Opci\u00f3n IV. \u201cDise\u00f1o \u00f3 Redise\u00f1o de Equipo, Aparato \u00f3 Maquinaria\u201d <\/span><\/span><\/strong><br \/>\n<strong><span class=\"null\"><span class=\"null\">\u2022 Opci\u00f3n V. \u201cCursos Especiales de Titulaci\u00f3n\u201d <\/span><\/span><\/strong><br \/>\n<strong><span class=\"null\"><span class=\"null\">\u2022 Opci\u00f3n VI. \u201cEx\u00e1men Global Por Areas de Conocimiento\u201d <\/span><\/span><\/strong><br \/>\n<strong><span class=\"null\"><span class=\"null\">\u2022 Opci\u00f3n VII. \u201cMemoria de Experiencia Profesional\u201d <\/span><\/span><\/strong><br \/>\n<strong><span class=\"null\"><span class=\"null\">\u2022 Opci\u00f3n VIII. \u201cEscolaridad por Promedio\u201d <\/span><\/span><\/strong><br \/>\n<strong><span class=\"null\"><span class=\"null\">\u2022 Opci\u00f3n IX. \u201cEscolaridad por Estudios de Posgrado\u201d <\/span><\/span><\/strong><br \/>\n<strong><span class=\"null\"><span class=\"null\">\u2022 Opci\u00f3n X. \u201cMemoria de Residencia Profesional\u201d <\/span><\/span><\/strong><\/p>\n<p>[\/spoiler]<\/p>\n<p>[spoiler title = &#8220;Opciones de titulaci\u00f3n para licenciatura a partir del plan 2004&#8221;]<\/p>\n<p><strong><span class=\"null\"><span class=\"null\">\u2022 Opci\u00f3n I. \u201cTesis&nbsp;Profesional\u201d<\/span><\/span><\/strong><\/p>\n<p><strong><span class=\"null\"><span class=\"null\">\u2022 Opci\u00f3n III. \u201cProyecto de Investigaci\u00f3n\u201d<\/span><\/span><\/strong><\/p>\n<p><strong><span class=\"null\"><span class=\"null\">\u2022 Opci\u00f3n VI. \u201cExamen&nbsp;Por&nbsp;\u00c1reas&nbsp;de Conocimiento\u201d<\/span><\/span><\/strong><\/p>\n<p><strong><span class=\"null\"><span class=\"null\">\u2022 Opci\u00f3n VIII. \u201cEscolaridad por Promedio\u201d<\/span><\/span><\/strong><\/p>\n<p><strong><span class=\"null\"><span class=\"null\">\u2022 Opci\u00f3n X. \u201cInforme de Residencia Profesional\u201d<\/span><\/span><\/strong><\/p>\n<p>[\/spoiler]<\/p>\n<p>[spoiler title = &#8220;Titulaci\u00f3n integral (para generaciones que ingresaron en 2009-2010 y agosto 2015, con enfoque por competencias)&#8221;]<\/p>\n<p>TIPOS DE PROYECTOS PARA GENERACIONES QUE INGRESARON EN 2009-2010<\/p>\n<p>1. Informe T\u00e9cnico de Residencia Profesional<br \/>\n2. Proyecto de Innovaci\u00f3n Tecnol\u00f3gica<br \/>\n3. Informe de Estancia<br \/>\n4. Tesis<br \/>\n5. Tesina<br \/>\n6. Examen General de Egreso de la Licenciatura (EGEL del Ceneval)<br \/>\n7. Proyecto de Investigaci\u00f3n<\/p>\n<p>TIPOS DE PROYECTOS PARA GENERACIONES QUE INGRESARON EN AGOSTO 2015<\/p>\n<p>1. Residencia Profesional<br \/>\n2. Proyectos de Investigaci\u00f3n y\/o Desarrollo Tecnol\u00f3gico<br \/>\n3. Proyecto Integrador<br \/>\n4. Proyecto Productivo<br \/>\n5. Proyecto de Investigaci\u00f3n Tecnol\u00f3gica<br \/>\n6. Proyecto de Emprendedurismo<br \/>\n7. Proyecto Integral de Educaci\u00f3n Dual<br \/>\n8. Estancia<br \/>\n9. Tesis o Tesina<br \/>\n10. Examen General de Egreso de la Licenciatura (EGEL del Ceneval)<\/p>\n<p>[\/spoiler]<\/p>\n","protected":false},"excerpt":{"rendered":"<p>&nbsp; &nbsp; &nbsp; Objetivo &nbsp; &nbsp; &nbsp; Establecer las normas y lineamientos para la presentaci\u00f3n del acto de recepci\u00f3n profesional para la obtenci\u00f3n del t\u00edtulo de licenciado del Sistema Nacional de Institutos Tecnol\u00f3gicos y para que los egresados del nivel licenciatura del Instituto Polit\u00e9cnico Nacional puedan sustentar el acto de recepci\u00f3n profesional en alg\u00fan instituto [&hellip;]<\/p>\n","protected":false},"author":1,"featured_media":0,"parent":1468,"menu_order":3,"comment_status":"open","ping_status":"closed","template":"","meta":{"footnotes":""},"class_list":["post-85","page","type-page","status-publish","hentry"],"_links":{"self":[{"href":"https:\/\/jbmtecnologias.com\/tec\/wp-json\/wp\/v2\/pages\/85","targetHints":{"allow":["GET"]}}],"collection":[{"href":"https:\/\/jbmtecnologias.com\/tec\/wp-json\/wp\/v2\/pages"}],"about":[{"href":"https:\/\/jbmtecnologias.com\/tec\/wp-json\/wp\/v2\/types\/page"}],"author":[{"embeddable":true,"href":"https:\/\/jbmtecnologias.com\/tec\/wp-json\/wp\/v2\/users\/1"}],"replies":[{"embeddable":true,"href":"https:\/\/jbmtecnologias.com\/tec\/wp-json\/wp\/v2\/comments?post=85"}],"version-history":[{"count":0,"href":"https:\/\/jbmtecnologias.com\/tec\/wp-json\/wp\/v2\/pages\/85\/revisions"}],"up":[{"embeddable":true,"href":"https:\/\/jbmtecnologias.com\/tec\/wp-json\/wp\/v2\/pages\/1468"}],"wp:attachment":[{"href":"https:\/\/jbmtecnologias.com\/tec\/wp-json\/wp\/v2\/media?parent=85"}],"curies":[{"name":"wp","href":"https:\/\/api.w.org\/{rel}","templated":true}]}}