{"id":51,"date":"2015-04-17T09:56:53","date_gmt":"2015-04-17T15:56:53","guid":{"rendered":"http:\/\/www.itcancun.edu.mx\/?page_id=51"},"modified":"2015-04-17T09:56:53","modified_gmt":"2015-04-17T15:56:53","slug":"documentos","status":"publish","type":"page","link":"https:\/\/jbmtecnologias.com\/tec\/instituto\/documentos\/","title":{"rendered":"Documentos Institucionales"},"content":{"rendered":"<p><a href=\"http:\/\/www.itcancun.edu.mx\/instituto\/academico\/PIID.pdf\" target=\"_blanck\">Programa Institucional de Innovaci\u00f3n y Desarrollo 2013-2018<\/a><\/p>\n<p><a href=\"http:\/\/www.itcancun.edu.mx\/wp-content\/uploads\/2019\/01\/IRC-DE-CONCLUSI\u00d3N-ADMINISTRACI\u00d3N-2012-2018-ITCANC\u00daN.pdf\" target=\"_blank\" rel=\"noopener\">Informe de Rendici\u00f3n de Cuentas 2012 &#8211; 2018<\/a><\/p>\n<p><a href=\"http:\/\/www.itcancun.edu.mx\/wp-content\/uploads\/2019\/02\/IRC-2018-ITCANC\u00daN.pdf\" target=\"_blank\" rel=\"noopener\">Informe de Rendici\u00f3n de Cuentas 2018<\/a><\/p>\n<p><a href=\"http:\/\/www.itcancun.edu.mx\/wp-content\/uploads\/2018\/03\/IRC2017ITCANCUN.pdf\" target=\"_blank\" rel=\"noopener\">Informe de Rendici\u00f3n de Cuentas 2017<\/a><\/p>\n<p><a href=\"http:\/\/www.itcancun.edu.mx\/instituto\/irc-2016-itcancun.pdf\" target=\"_blanck\">Informe de Rendici\u00f3n de Cuentas 2016<\/a><\/p>\n<p><a href=\"http:\/\/www.itcancun.edu.mx\/instituto\/IRC-2015\/IRC-ITC-2015.pdf\" target=\"_blanck\">Informe de Rendici\u00f3n de Cuentas 2015<\/a><\/p>\n","protected":false},"excerpt":{"rendered":"<p>Programa Institucional de Innovaci\u00f3n y Desarrollo 2013-2018 Informe de Rendici\u00f3n de Cuentas 2012 &#8211; 2018 Informe de Rendici\u00f3n de Cuentas 2018 Informe de Rendici\u00f3n de Cuentas 2017 Informe de Rendici\u00f3n de Cuentas 2016 Informe de Rendici\u00f3n de Cuentas 2015<\/p>\n","protected":false},"author":1,"featured_media":0,"parent":10,"menu_order":9,"comment_status":"open","ping_status":"closed","template":"","meta":{"footnotes":""},"class_list":["post-51","page","type-page","status-publish","hentry"],"_links":{"self":[{"href":"https:\/\/jbmtecnologias.com\/tec\/wp-json\/wp\/v2\/pages\/51","targetHints":{"allow":["GET"]}}],"collection":[{"href":"https:\/\/jbmtecnologias.com\/tec\/wp-json\/wp\/v2\/pages"}],"about":[{"href":"https:\/\/jbmtecnologias.com\/tec\/wp-json\/wp\/v2\/types\/page"}],"author":[{"embeddable":true,"href":"https:\/\/jbmtecnologias.com\/tec\/wp-json\/wp\/v2\/users\/1"}],"replies":[{"embeddable":true,"href":"https:\/\/jbmtecnologias.com\/tec\/wp-json\/wp\/v2\/comments?post=51"}],"version-history":[{"count":0,"href":"https:\/\/jbmtecnologias.com\/tec\/wp-json\/wp\/v2\/pages\/51\/revisions"}],"up":[{"embeddable":true,"href":"https:\/\/jbmtecnologias.com\/tec\/wp-json\/wp\/v2\/pages\/10"}],"wp:attachment":[{"href":"https:\/\/jbmtecnologias.com\/tec\/wp-json\/wp\/v2\/media?parent=51"}],"curies":[{"name":"wp","href":"https:\/\/api.w.org\/{rel}","templated":true}]}}