{"id":4650,"date":"2017-09-22T04:07:00","date_gmt":"2017-09-22T10:07:00","guid":{"rendered":"http:\/\/www.itcancun.edu.mx\/?page_id=4650"},"modified":"2017-09-22T04:07:00","modified_gmt":"2017-09-22T10:07:00","slug":"informacion-general","status":"publish","type":"page","link":"https:\/\/jbmtecnologias.com\/tec\/estudiantes\/informacion-general\/","title":{"rendered":"Centro de Informaci\u00f3n"},"content":{"rendered":"\n<h2>Informaci\u00f3n General<\/h2>\n<p style=\"text-align: left;\">El&nbsp; Centro de Informaci\u00f3n Jos\u00e9 Vasconcelos del Instituto Tecnol\u00f3gico de Canc\u00fan tienen como prop\u00f3sito: Satisfacer la demanda de informaci\u00f3n y consultas bibliogr\u00e1ficas de los usuarios, en concordancia&nbsp; con los objetivos de la Instituci\u00f3n, como lo son: La docencia, investigaci\u00f3n y la vinculaci\u00f3n con la&nbsp; sociedad, a trav\u00e9s de servicios bibliotecarios y de informaci\u00f3n eficientes, que garanticen un &nbsp;desarrollo acad\u00e9mico de calidad, fortaleciendo y consolidando la labor de ense\u00f1anza e investigaci\u00f3n, apoyados con las nuevas tecnolog\u00edas de informaci\u00f3n y comunicaci\u00f3n.<\/p>\n<p style=\"text-align: left;\">[spoiler title=&#8221;Servicios&#8221;]<\/p>\n<ul>\n<li>Pr\u00e9stamo en sala<\/li>\n<li>Pr\u00e9stamo a domicilio<\/li>\n<li>Pr\u00e9stamo CENEVAL y tesistas<\/li>\n<li>Servicios especializados<\/li>\n<li>Salas de lectura<\/li>\n<li>Cub\u00edculos de estudio individuales y de grupo<\/li>\n<li>Lockers<\/li>\n<li>Servicio de fotocopiado y escaneado<\/li>\n<li>Exposiciones temporales<\/li>\n<li>Pr\u00e9stamo de equipo de c\u00f3mputo<\/li>\n<li>Bibliotecas virtuales: Springer link, E brary,&nbsp; Conricyt: EBSCO, Gale Cengage<\/li>\n<li>Talleres de oratoria<\/li>\n<li>Fomento a la lectura<\/li>\n<li>C\u00edrculos de lectura<\/li>\n<li>Asesor\u00edas permanentes de servicios bibliotecarios<\/li>\n<li>Cursos y talleres<\/li>\n<\/ul>[\/spoiler]\n\n\n\n\n<p>[spoiler title=&#8221;Biblioteca Virtual&#8221;]<\/p>\n  <br>\n  <p style=\"justify-content: left; padding-left: 30px;\"><strong>eLibro<\/strong><\/p><p>\n\n<\/p><p><a href=\"https:\/\/elibro.net\/es\/lc\/cancun\/login_usuario\/?next=\/es\/lc\/cancun\/inicio\/\" target=\"_blank\" rel=\"noopener noreferrer\"><img decoding=\"async\" style=\"max-height: 40px !important; width: auto;\" class=\"cursor: pointer;\" src=\"http:\/\/www.cancun.tecnm.mx\/wp-content\/uploads\/2021\/06\/eLibro.png\" alt=\"\" width=\"334\" height=\"127\"><\/a><\/p>\n\n  <hr>\n\n  <p style=\"justify-content: left; padding-left: 30px;\"><strong>SpringerLink<\/strong><\/p>\n\n<p><a href=\"https:\/\/link.springer.com\/\" target=\"_blank\" rel=\"noopener noreferrer\"><img decoding=\"async\" style=\"max-height: 40px !important; width: auto;\" class=\"cursor: pointer;\" src=\"http:\/\/www.itcancun.edu.mx\/wp-content\/uploads\/2017\/09\/logo-base.png\" alt=\"\" width=\"189\" height=\"37\"><\/a><\/p>\n\n\n<p>[\/spoiler]<\/p>\n\n<p>[spoiler title=&#8221;Reglamento de Biblioteca&#8221;]<\/p>\n  <a href=\"https:\/\/www.cancun.tecnm.mx\/wp-content\/uploads\/2024\/08\/REGLAMENTO-BIBLIOTECA.pdf\" target=\"_blank\" rel=\"noopener\">Descargar Reglamento<\/a>\n<p>[\/spoiler]<\/p>\n","protected":false},"excerpt":{"rendered":"<p>Informaci\u00f3n General El&nbsp; Centro de Informaci\u00f3n Jos\u00e9 Vasconcelos del Instituto Tecnol\u00f3gico de Canc\u00fan tienen como prop\u00f3sito: Satisfacer la demanda de informaci\u00f3n y consultas bibliogr\u00e1ficas de los usuarios, en concordancia&nbsp; con los objetivos de la Instituci\u00f3n, como lo son: La docencia, investigaci\u00f3n y la vinculaci\u00f3n con la&nbsp; sociedad, a trav\u00e9s de servicios bibliotecarios y de informaci\u00f3n [&hellip;]<\/p>\n","protected":false},"author":1,"featured_media":0,"parent":1468,"menu_order":9,"comment_status":"closed","ping_status":"closed","template":"templates\/page-center.php","meta":{"footnotes":""},"class_list":["post-4650","page","type-page","status-publish","hentry"],"_links":{"self":[{"href":"https:\/\/jbmtecnologias.com\/tec\/wp-json\/wp\/v2\/pages\/4650","targetHints":{"allow":["GET"]}}],"collection":[{"href":"https:\/\/jbmtecnologias.com\/tec\/wp-json\/wp\/v2\/pages"}],"about":[{"href":"https:\/\/jbmtecnologias.com\/tec\/wp-json\/wp\/v2\/types\/page"}],"author":[{"embeddable":true,"href":"https:\/\/jbmtecnologias.com\/tec\/wp-json\/wp\/v2\/users\/1"}],"replies":[{"embeddable":true,"href":"https:\/\/jbmtecnologias.com\/tec\/wp-json\/wp\/v2\/comments?post=4650"}],"version-history":[{"count":0,"href":"https:\/\/jbmtecnologias.com\/tec\/wp-json\/wp\/v2\/pages\/4650\/revisions"}],"up":[{"embeddable":true,"href":"https:\/\/jbmtecnologias.com\/tec\/wp-json\/wp\/v2\/pages\/1468"}],"wp:attachment":[{"href":"https:\/\/jbmtecnologias.com\/tec\/wp-json\/wp\/v2\/media?parent=4650"}],"curies":[{"name":"wp","href":"https:\/\/api.w.org\/{rel}","templated":true}]}}