{"id":4106,"date":"2017-04-02T16:17:39","date_gmt":"2017-04-02T22:17:39","guid":{"rendered":"http:\/\/www.itcancun.edu.mx\/?page_id=4106"},"modified":"2017-04-02T16:17:39","modified_gmt":"2017-04-02T22:17:39","slug":"nuevo-ingreso","status":"publish","type":"page","link":"https:\/\/jbmtecnologias.com\/tec\/nuevo-ingreso\/","title":{"rendered":"Oferta educativa TECNM Campus Canc\u00fan 2023"},"content":{"rendered":"\n<h1><center>Oferta Educativa TECNM Campus Canc\u00fan 2024<\/center><\/h1>\n\n\n\n<center style=\"margin-top: 20px;\">\n<!-- <iframe width=\"560\" height=\"315\" src=\"https:\/\/www.youtube.com\/embed\/KLcQFtAzqPY\" title=\"YouTube video player\" frameborder=\"0\" allow=\"accelerometer; autoplay; clipboard-write; encrypted-media; gyroscope; picture-in-picture\" allowfullscreen=\"\"><\/iframe>-->\n\n<iframe width=\"560\" height=\"315\" src=\"https:\/\/www.youtube.com\/embed\/REGwnu91il8\" title=\"YouTube video player\" frameborder=\"0\" allow=\"accelerometer; autoplay; clipboard-write; encrypted-media; gyroscope; picture-in-picture; web-share\" allowfullscreen=\"\"><\/iframe>\n<\/center>\n\n<hr>\n<div class=\"boton-examen\" style=\"text-align: center;\">\n\n     <a style=\"background-color: #2C6A9A;\" href=\"https:\/\/www.cancun.tecnm.mx\/wp-content\/uploads\/2024\/06\/Convocatoria-Campus-Cancun-2024-1.pdf\">OFICIO DE CONVOCATORIA Campus Canc\u00fan<\/a>\n\n<!--<a style=\"background-color: #2C6A9A;\" href=\"https:\/\/www.cancun.tecnm.mx\/wp-content\/uploads\/2024\/02\/Convocatoria-Distancia-2024_.pdf\">OFICIO DE CONVOCATORIA Distancia (Puerto Morelos, Chunhuhub, Pantera<\/a>-->\n\n<a style=\"background-color: #2C6A9A;\" href=\"https:\/\/www.cancun.tecnm.mx\/wp-content\/uploads\/2024\/06\/Convocatoria-Distancia-2024.pdf\">OFICIO DE CONVOCATORIA Distancia (Puerto Morelos, Chunhuhub, Pantera<\/a>\n\n     <a style=\"background-color: #2C6A9A;\" href=\"https:\/\/www.cancun.tecnm.mx\/OfertaAcademica\/\">VER OFERTA DE LAS CARRERAS<\/a>\n\n\n<a style=\"background-color: #f19900;\" href=\"https:\/\/www.cancun.tecnm.mx\/wp-content\/uploads\/2024\/02\/Copia-de-GUIA-PARA-EL-EXAMEN-DE-SELECCION-DE-NUEVO-INGRESO-2022-1-1.pdf\">GU\u00cdA DE ESTUDIOS<\/a>\n\n\n<\/div>\n\n\n\n\n\n<!--\n\n<div class=\"boton-examen\">\n\n\n<a style=\"background-color: #27255A;\" href=\"http:\/\/sie.cancun.tecnm.mx\/intertec\/indexaspirante.html\">ENTRA AQU\u00cd AL EXAMEN DE ADMISI\u00d3N<\/a>\n\n<a style=\"background-color: #F13B3D;\" href=\"https:\/\/www.cancun.tecnm.mx\/wp-content\/uploads\/2022\/05\/PROCEDIMIENTO-DE-PAGO-2022.pdf\">PROCEDIMIENTO DE PAGO PARA NUEVO INGRESO<\/a>\n\n<a style=\"background-color: #27255A;\" href=\"https:\/\/www.cancun.tecnm.mx\/resultados2022\/\">RESULTADOS DEL EXAMEN DE ADMISI\u00d3N<\/a>\n\n<\/div>\n\n-->\n","protected":false},"excerpt":{"rendered":"<p>Oferta Educativa TECNM Campus Canc\u00fan 2024 OFICIO DE CONVOCATORIA Campus Canc\u00fan OFICIO DE CONVOCATORIA Distancia (Puerto Morelos, Chunhuhub, Pantera VER OFERTA DE LAS CARRERAS GU\u00cdA DE ESTUDIOS<\/p>\n","protected":false},"author":1,"featured_media":0,"parent":0,"menu_order":1,"comment_status":"closed","ping_status":"closed","template":"","meta":{"footnotes":""},"class_list":["post-4106","page","type-page","status-publish","hentry"],"_links":{"self":[{"href":"https:\/\/jbmtecnologias.com\/tec\/wp-json\/wp\/v2\/pages\/4106","targetHints":{"allow":["GET"]}}],"collection":[{"href":"https:\/\/jbmtecnologias.com\/tec\/wp-json\/wp\/v2\/pages"}],"about":[{"href":"https:\/\/jbmtecnologias.com\/tec\/wp-json\/wp\/v2\/types\/page"}],"author":[{"embeddable":true,"href":"https:\/\/jbmtecnologias.com\/tec\/wp-json\/wp\/v2\/users\/1"}],"replies":[{"embeddable":true,"href":"https:\/\/jbmtecnologias.com\/tec\/wp-json\/wp\/v2\/comments?post=4106"}],"version-history":[{"count":0,"href":"https:\/\/jbmtecnologias.com\/tec\/wp-json\/wp\/v2\/pages\/4106\/revisions"}],"wp:attachment":[{"href":"https:\/\/jbmtecnologias.com\/tec\/wp-json\/wp\/v2\/media?parent=4106"}],"curies":[{"name":"wp","href":"https:\/\/api.w.org\/{rel}","templated":true}]}}