{"id":41,"date":"2015-04-17T09:53:52","date_gmt":"2015-04-17T15:53:52","guid":{"rendered":"http:\/\/www.itcancun.edu.mx\/?page_id=41"},"modified":"2015-04-17T09:53:52","modified_gmt":"2015-04-17T15:53:52","slug":"ubicacion","status":"publish","type":"page","link":"https:\/\/jbmtecnologias.com\/tec\/instituto\/ubicacion\/","title":{"rendered":"Ubicaci\u00f3n"},"content":{"rendered":"<div class=\"article-tools clearfix\">\n<dl class=\"article-info\">\n<dt class=\"article-info-term\">Detalles \u00a0Categor\u00eda: <a href=\"http:\/\/www.itcancun.edu.mx\/index.php\/82-instituto\/institucion\">Instituci\u00f3n<\/a><\/dt>\n<\/dl>\n<\/div>\n<div class=\"content-links\"><\/div>\n<p>Av. Kabah Km. 3, Canc\u00fan, Quintana Roo.<\/p>\n<div id=\"mapbody17_8r1wv_0\">\n<div id=\"googlemap17_8r1wv_0\" class=\"map\">\n<div class=\"gm-style\">\n<div>\n<div><\/div>\n<div><\/div>\n<div><\/div>\n<div><\/div>\n<div>\n<div>\n<iframe src=\"https:\/\/www.google.com\/maps\/embed?pb=!1m14!1m12!1m3!1d3164.1293141022093!2d-86.83417329158698!3d21.137869805038836!2m3!1f0!2f0!3f0!3m2!1i1024!2i768!4f13.1!5e1!3m2!1ses!2smx!4v1439214484870\" width=\"800\" height=\"600\" frameborder=\"0\" style=\"border:0\" allowfullscreen><\/iframe>\n<\/div>\n<\/div>\n<\/div>\n<div><\/div>\n<div><\/div>\n<\/div>\n<\/div>\n<\/div>\n<p><small><a href=\"https:\/\/maps.google.com.mx\/?ie=UTF8&amp;t=h&amp;ll=21.138927,-86.834071&amp;spn=0.008006,0.012853&amp;z=16&amp;source=embed\">Ver mapa m\u00e1s grande<\/a><\/small><\/p>\n","protected":false},"excerpt":{"rendered":"<p>Detalles \u00a0Categor\u00eda: Instituci\u00f3n Av. Kabah Km. 3, Canc\u00fan, Quintana Roo. Ver mapa m\u00e1s grande<\/p>\n","protected":false},"author":1,"featured_media":0,"parent":10,"menu_order":4,"comment_status":"open","ping_status":"closed","template":"","meta":{"footnotes":""},"class_list":["post-41","page","type-page","status-publish","hentry"],"_links":{"self":[{"href":"https:\/\/jbmtecnologias.com\/tec\/wp-json\/wp\/v2\/pages\/41","targetHints":{"allow":["GET"]}}],"collection":[{"href":"https:\/\/jbmtecnologias.com\/tec\/wp-json\/wp\/v2\/pages"}],"about":[{"href":"https:\/\/jbmtecnologias.com\/tec\/wp-json\/wp\/v2\/types\/page"}],"author":[{"embeddable":true,"href":"https:\/\/jbmtecnologias.com\/tec\/wp-json\/wp\/v2\/users\/1"}],"replies":[{"embeddable":true,"href":"https:\/\/jbmtecnologias.com\/tec\/wp-json\/wp\/v2\/comments?post=41"}],"version-history":[{"count":0,"href":"https:\/\/jbmtecnologias.com\/tec\/wp-json\/wp\/v2\/pages\/41\/revisions"}],"up":[{"embeddable":true,"href":"https:\/\/jbmtecnologias.com\/tec\/wp-json\/wp\/v2\/pages\/10"}],"wp:attachment":[{"href":"https:\/\/jbmtecnologias.com\/tec\/wp-json\/wp\/v2\/media?parent=41"}],"curies":[{"name":"wp","href":"https:\/\/api.w.org\/{rel}","templated":true}]}}