{"id":29,"date":"2015-04-16T18:54:54","date_gmt":"2015-04-17T00:54:54","guid":{"rendered":"http:\/\/www.itcancun.edu.mx\/?page_id=29"},"modified":"2015-04-16T18:54:54","modified_gmt":"2015-04-17T00:54:54","slug":"quienes-somos","status":"publish","type":"page","link":"https:\/\/jbmtecnologias.com\/tec\/instituto\/quienes-somos\/","title":{"rendered":"\u00bfQui\u00e9nes somos?"},"content":{"rendered":"<p><strong>FILOSOF\u00cdA<\/strong><\/p>\n<p>Se establece esta filosof\u00eda bas\u00e1ndose en el plan nacional del desarrollo que se\u00f1ala en el apartado de \u201ceducaci\u00f3n superior\u201d, que esta en un medio para acrecentar el capital humano y social de la naci\u00f3n, y la inteligencia individual y colectiva de los mexicanos, para enriquecer la cultura con las aportaciones de las humanidades, las artes, las ciencias y la tecnolog\u00eda; y para contribuir al aumento de la competitividad y el empleo seguidos de una econom\u00eda basada en el conocimiento.<\/p>\n<p>Las instituciones de educaci\u00f3n superior realizan funciones de docencia, investigaci\u00f3n, y difusi\u00f3n de la cultura seg\u00fan sea su tipolog\u00eda.<\/p>\n<p>As\u00ed mismo estamos en v\u00eda de lograr un sistema educativo superior de calidad que brinde s\u00f3lida formaci\u00f3n a sus educandos y egresados que responda a la demanda del pa\u00eds.<\/p>\n<p>El Instituto Tecnol\u00f3gico de Canc\u00fan se suma a estas propuestas y las contemplara en su plan institucional de desarrollo, como referentes indispensables en el futuro de nuestra instituci\u00f3n.<\/p>\n<p><strong>MISI\u00d3N<\/strong><br \/>\nFormar profesionistas integrales, innovadores y competitivos de nivel superior y posgrado, generando y aplicando conocimientos.<\/p>\n<p><strong>VISI\u00d3N<\/strong><br \/>\nSer una Instituci\u00f3n de Educaci\u00f3n Superior Tecnol\u00f3gica reconocida y posicionada Estatal, Nacional e Internacionalmente por su Calidad y Contribuci\u00f3n al Desarrollo Sustentable.<\/p>\n<p><strong>LEMA<\/strong><\/p>\n<p align=\"center\">&#8220;Conocimiento Cient\u00edfico y Tecnol\u00f3gico para un Desarrollo Sustentable&#8221; \u00ae<\/p>\n<p>[spoiler title=&#8221;VALORES&#8221;]<br \/>\n<strong>Responsabilidad<\/strong><\/p>\n<p>Establecer el sentido de compromiso y valores personales para cumplir con eficiencia y eficacia nuestro rol personal e institucional para el logro de los objetivos de nuestra instituci\u00f3n. Tomar decisiones acordes con los objetivos de la organizaci\u00f3n.<\/p>\n<p><strong>Superaci\u00f3n<\/strong><\/p>\n<p>Proceso permanente de formaci\u00f3n y actualizaci\u00f3n de la comunidad tecnol\u00f3gica para mejorar la calidad y la eficiencia en las actividades que desarrollamos y en las relaciones interpersonales, para el logro de nuestros objetivos institucionales.<\/p>\n<p><strong>Trabajo en equipo<\/strong><\/p>\n<p>Proceso interactivo mediante el cual se realizan las actividades institucionales en forma conjunta con los actores involucrados, para lograr un prop\u00f3sito definido de manera coordinada y planificada, propiciando el aprendizaje rec\u00edproco como impulso hacia un mayor desarrollo de nuestra instituci\u00f3n.<\/p>\n<p><strong>Compromiso y lealtad<\/strong><\/p>\n<p>Hacer bien las cosas, fundament\u00e1ndose en la normatividad institucional e ir m\u00e1s all\u00e1 del cumplimiento de las obligaciones, es poner en juego nuestras capacidades para sacar adelante todo aquello que se nos ha confiado, y hacerlo de manera eficaz y eficiente, garantizando la consolidaci\u00f3n y mejoramiento de la instituci\u00f3n, manteniendo sus valores y el fortalecimiento del recurso humano.<\/p>\n<p><strong>Respeto<\/strong><\/p>\n<p>Las relaciones interpersonales al interior de la instituci\u00f3n se sustentan en la comprensi\u00f3n y tolerancia entre los miembros de la comunidad, aceptando las diferencias y valorando la dignidad humana para una mejor convivencia, que genere un ambiente de trabajo apropiado para el desarrollo de las actividades institucionales.<\/p>\n<p><strong>Comunicaci\u00f3n efectiva<\/strong><\/p>\n<p>Propiciar un ambiente mediante el cual se comunique e informe de manera eficiente y oportuna con los actores internos y externos de la instituci\u00f3n, para gestionar la imagen y el posicionamiento del tecnol\u00f3gico y el mejoramiento del clima laboral.<\/p>\n<p><strong>Integraci\u00f3n<\/strong><\/p>\n<p>Actuar con rectitud, realizando las tareas institucionales no solo acatando las normas constitucionales y legales, sino los principios \u00e9ticos y morales que rigen nuestra sociedad, propendiendo por la construcci\u00f3n de un mejor pa\u00eds.<br \/>\n[\/spoiler]<\/p>\n<p>[spoiler title=&#8221;POLITICA DE CALIDAD&#8221;]<\/p>\n<p>&#8220;El Instituto Tecnol\u00f3gico de Canc\u00fan establece el compromiso de implementar todos sus procesos, orient\u00e1ndolos hacia la satisfacci\u00f3n de sus clientes sustentada\u00a0en la Calidad\u00a0del Proceso Educativo, para cumplir con sus requisitos, mediante la eficacia de un Sistema de Gesti\u00f3n de la Calidad y de mejora continua, conforme a la norma\u00a0ISO 9001:2008\/NMX-CC-9001-IMNC-2008&#8243;<br \/>\n[\/spoiler]<\/p>\n<p>[spoiler title=&#8221;POLITICA DE EQUIDAD DE GENERO&#8221;]<br \/>\nEl SNIT manifiesta el compromiso de defender los derechos humanos del personal, combatir la discriminaci\u00f3n, promover la igualdad de trato y de oportunidades entre hombres y mujeres, establecer acciones para la prevenci\u00f3n, atenci\u00f3n y sanci\u00f3n de cualquier tipo de hostigamiento, generar un ambiente organizacional libre de violencia, promover la conciliaci\u00f3n de la vida laboral con la vida personal y familiar, asumiendo acciones de responsabilidad social hacia los grupos de inter\u00e9s del sistema.<br \/>\n[\/spoiler]<\/p>\n<p>[spoiler title=&#8221;OBJETIVO&#8221;]<br \/>\nOBJETIVO<\/p>\n<p>Promover el desarrollo integral y arm\u00f3nico del educando en relaci\u00f3n con los dem\u00e1s, consigo mismo y con su entorno, mediante una formaci\u00f3n intelectual que lo capacite en el manejo de los m\u00e9todos y los lenguajes, sustentados en los principios de identidad nacional, justicia, soberan\u00eda y solidaridad y en la recreaci\u00f3n, el deporte y la cultura, que le permitan una mente y un cuerpo sano. Atender la demanda de educaci\u00f3n superior con alta calidad a nivel nacional e internacional en las \u00e1reas industrial de servicios como una forma de auspiciar el desarrollo regional. Hacer del Instituto Tecnol\u00f3gico un instrumento de desarrollo mediante una estrecha y permanente retroalimentaci\u00f3n con la comunidad, en especial entre los sectores productivos de bienes y servicios, sociales p\u00fablicos y privados.<br \/>\n[\/spoiler]<\/p>\n<p>[spoiler title=&#8221;ESCUDO&#8221;]<br \/>\nESCUDO<\/p>\n<p><a href=\"http:\/\/www.itcancun.edu.mx\/wp-content\/uploads\/2017\/09\/LOGO-ITCANCUN-MARCA-REGISTRADA.png\"><img fetchpriority=\"high\" decoding=\"async\" class=\"alignnone size-medium wp-image-4741\" src=\"http:\/\/www.itcancun.edu.mx\/wp-content\/uploads\/2017\/09\/LOGO-ITCANCUN-MARCA-REGISTRADA-219x300.png\" alt=\"\" width=\"219\" height=\"300\" \/><\/a><\/p>\n<table border=\"0\">\n<tbody>\n<tr>\n<td>El Escudo del Instituto Tecnol\u00f3gico de Canc\u00fan esta representado por una figura con un engrane, un \u00e1tomo, un edificio, un brazo levantando un t\u00edtulo, el mapa del estado de Quintana Roo, y unos s\u00edmbolos mayas.<\/p>\n<p><strong>Significado<\/strong><\/p>\n<p><strong>El engrane<\/strong><\/p>\n<p>Representa el Sistema Tecnol\u00f3gico, dentro del cual, est\u00e1n contenidos los elementos representativos de las diferentes actividades en los que el Instituto Tecnol\u00f3gico participa y contribuye al desarrollo social, cultural, e industrial del estado y del pa\u00eds.<\/p>\n<p><strong>El \u00e1tomo<\/strong><\/p>\n<p>Representa la ciencia, de la cual surgen todas las necesidades del hombre de conocer y avanzar en las investigaciones de las actividades que el hombre realiza hacia el futuro y al progreso.<\/td>\n<\/tr>\n<\/tbody>\n<\/table>\n<p><strong>El edificio<\/strong><\/p>\n<p>Representa la hoteler\u00eda y significa la actividad econ\u00f3mica de mayor importancia de la regi\u00f3n y la actividad donde se concentra la atenci\u00f3n y el objetivo principal del resultado del producto del Tecnol\u00f3gico de Canc\u00fan, contribuyendo con la preparaci\u00f3n y educaci\u00f3n profesional al desarrollo de la industria tur\u00edstica.<\/p>\n<p><strong>El brazo con el t\u00edtulo levantado<\/strong><\/p>\n<p>Significa el aspecto acad\u00e9mico que como instituci\u00f3n educativa el Tecnol\u00f3gico ofrece a la comunidad.<\/p>\n<p><strong>\u00c1rea geogr\u00e1fica<\/strong><\/p>\n<p>Significa el estado de la naci\u00f3n donde se encuentra el Instituto<\/p>\n<p><strong>Simbolog\u00eda maya<\/strong><\/p>\n<p>Representa en N\u00fameros Mayas el a\u00f1o de la fundaci\u00f3n del Instituto Tecnol\u00f3gico de Canc\u00fan (1986) y el aspecto cultural en el que se desarrolla la instituci\u00f3n con el cual se integra al resto de la comunidad al que pertenece como una forma de contribuci\u00f3n a la preservaci\u00f3n y difusi\u00f3n de la cultura y de identidad nacional. Fue elegido en un concurso interno convocado el 02 de marzo de 1992 a trav\u00e9s del Departamento de Extensi\u00f3n, ahora Actividades Extraescolares a cargo del Dr. Arturo Carballo Sandoval (qepd). Es el 09 de abril de 1992 que el Comit\u00e9 Evaluador del Concurso decide adoptar este escudo dise\u00f1ado por el alumno Uriel Echegaray de la Ingenier\u00eda en Electromec\u00e1nica.<br \/>\n[\/spoiler]<\/p>\n<p>[spoiler title=&#8221;MASCOTA&#8221;]<br \/>\nMASCOTA<\/p>\n<p>El tuc\u00e1n fue adoptado como mascota de este Instituto desde el a\u00f1o de 1990 y fue seleccionado por ser parte importante dentro de la fauna del Estado de Q. Roo. Los tucanes son aves de pelo y pico de colores muy llamativos por su brillantez y colorido. Llegan a medir hasta 60 cm. Su pico es largo, macizo con dientecillos como sierra llega a medir la tercera parte de su tama\u00f1o y es muy ligero por las numerosas c\u00e1maras que tiene por lo que no le dificulta el vuelo. Su lengua es muy larga (llega a medir hasta 14 cm), angosta, aplanada y termina en punta. Tiene alas peque\u00f1as, cortas y redondeadas. La cola es cuadrada en unas especies y llama la atenci\u00f3n la facilidad con que la mueve hacia arriba y abajo. Los ojos est\u00e1n rodeados por una piel que a veces es de colores vivos. Utiliza el pico como arma y para tomar los frutos que se encuentran en las puntas de las ramas muy delgadas. Su pico est\u00e1 formado por una sustancia llamada queratina, que forma una estructura parecida a la de una esponja. Estas caracter\u00edsticas lo hacen asombrosamente resistente a los golpes, pero a la vez muy liviano. Este dise\u00f1o de la mascota es la \u00faltima versi\u00f3n y fue dise\u00f1ada por el alumno \u00c1ngel Coll\u00ed Pinole de la Ingenier\u00eda en Electromec\u00e1nica en el a\u00f1o 2010.<\/p>\n<p><a href=\"http:\/\/www.itcancun.edu.mx\/wp-content\/uploads\/2017\/09\/logo-mascota-marca-registrada.png\"><img decoding=\"async\" class=\"alignnone size-medium wp-image-4758\" src=\"http:\/\/www.itcancun.edu.mx\/wp-content\/uploads\/2017\/09\/logo-mascota-marca-registrada-300x204.png\" alt=\"\" width=\"300\" height=\"204\" \/><\/a><a href=\"http:\/\/www.itcancun.edu.mx\/wp-content\/uploads\/2017\/09\/ATLETISMO-1.png\"><img decoding=\"async\" class=\"alignnone size-full wp-image-4764\" src=\"http:\/\/www.itcancun.edu.mx\/wp-content\/uploads\/2017\/09\/ATLETISMO-1.png\" alt=\"\" width=\"100\" height=\"100\" \/><\/a> <a href=\"http:\/\/www.itcancun.edu.mx\/wp-content\/uploads\/2017\/09\/AJEDREZ.png\"><img loading=\"lazy\" decoding=\"async\" class=\"alignnone size-full wp-image-4756\" src=\"http:\/\/www.itcancun.edu.mx\/wp-content\/uploads\/2017\/09\/AJEDREZ.png\" alt=\"\" width=\"100\" height=\"110\" \/><\/a> <a href=\"http:\/\/www.itcancun.edu.mx\/wp-content\/uploads\/2017\/09\/ARTES-MARCIALES.png\"><img loading=\"lazy\" decoding=\"async\" class=\"alignnone size-full wp-image-4755\" src=\"http:\/\/www.itcancun.edu.mx\/wp-content\/uploads\/2017\/09\/ARTES-MARCIALES.png\" alt=\"\" width=\"90\" height=\"100\" \/><\/a> <a href=\"http:\/\/www.itcancun.edu.mx\/wp-content\/uploads\/2017\/09\/DANZA.png\"><img loading=\"lazy\" decoding=\"async\" class=\"alignnone size-full wp-image-4753\" src=\"http:\/\/www.itcancun.edu.mx\/wp-content\/uploads\/2017\/09\/DANZA.png\" alt=\"\" width=\"100\" height=\"100\" \/><\/a> <a href=\"http:\/\/www.itcancun.edu.mx\/wp-content\/uploads\/2017\/09\/BEISBOL.png\"><img loading=\"lazy\" decoding=\"async\" class=\"alignnone size-full wp-image-4752\" src=\"http:\/\/www.itcancun.edu.mx\/wp-content\/uploads\/2017\/09\/BEISBOL.png\" alt=\"\" width=\"95\" height=\"100\" \/><\/a> <a href=\"http:\/\/www.itcancun.edu.mx\/wp-content\/uploads\/2017\/09\/BASQUETBOL.png\"><img loading=\"lazy\" decoding=\"async\" class=\"alignnone size-full wp-image-4751\" src=\"http:\/\/www.itcancun.edu.mx\/wp-content\/uploads\/2017\/09\/BASQUETBOL.png\" alt=\"\" width=\"95\" height=\"110\" \/><\/a> <a href=\"http:\/\/www.itcancun.edu.mx\/wp-content\/uploads\/2017\/09\/BANDA-DE-GUERRA-Y-ESCOLTA.png\"><img loading=\"lazy\" decoding=\"async\" class=\"alignnone size-full wp-image-4750\" src=\"http:\/\/www.itcancun.edu.mx\/wp-content\/uploads\/2017\/09\/BANDA-DE-GUERRA-Y-ESCOLTA.png\" alt=\"\" width=\"130\" height=\"115\" \/><\/a> <a href=\"http:\/\/www.itcancun.edu.mx\/wp-content\/uploads\/2017\/09\/FUTBOL.png\"><img loading=\"lazy\" decoding=\"async\" class=\"alignnone size-full wp-image-4749\" src=\"http:\/\/www.itcancun.edu.mx\/wp-content\/uploads\/2017\/09\/FUTBOL.png\" alt=\"\" width=\"100\" height=\"100\" \/><\/a> <a href=\"http:\/\/www.itcancun.edu.mx\/wp-content\/uploads\/2017\/09\/VOLEYBOL.png\"><img loading=\"lazy\" decoding=\"async\" class=\"alignnone size-full wp-image-4748\" src=\"http:\/\/www.itcancun.edu.mx\/wp-content\/uploads\/2017\/09\/VOLEYBOL.png\" alt=\"\" width=\"110\" height=\"115\" \/><\/a> <a href=\"http:\/\/www.itcancun.edu.mx\/wp-content\/uploads\/2017\/09\/TEATRO.png\"><img loading=\"lazy\" decoding=\"async\" class=\"alignnone size-full wp-image-4747\" src=\"http:\/\/www.itcancun.edu.mx\/wp-content\/uploads\/2017\/09\/TEATRO.png\" alt=\"\" width=\"100\" height=\"110\" \/><\/a> <a href=\"http:\/\/www.itcancun.edu.mx\/wp-content\/uploads\/2017\/09\/RONDALLA.png\"><img loading=\"lazy\" decoding=\"async\" class=\"alignnone size-full wp-image-4746\" src=\"http:\/\/www.itcancun.edu.mx\/wp-content\/uploads\/2017\/09\/RONDALLA.png\" alt=\"\" width=\"100\" height=\"100\" \/><\/a><br \/>\n[\/spoiler]<\/p>\n<p>[spoiler title=&#8221;HIMNO&#8221;]<br \/>\nHIMNO<\/p>\n<p><strong>Letra: Enrique Moreno Garc\u00eda &#8211; M\u00fasica: Luis Arellano R\u00edos<\/strong><\/p>\n<p>El Himno del Sistema Nacional Tecnol\u00f3gicos , fue estrenado el d\u00eda 6 de octubre de 1988, en la Ciudad de Durango, con el motivo del Cuadrag\u00e9simo aniversario del Instituto Tecnol\u00f3gico de Durango, en la celebraci\u00f3n del XXXII Evento Nacional Deportivo de los Institutos Tecnol\u00f3gicos.<\/p>\n<p>CORO<\/p>\n<p>Tecnol\u00f3gico, luz de la ciencia;<br \/>\nplataforma para el porvenir;<br \/>\ncon la t\u00e9cnica forjas conciencia<br \/>\npara darnos feliz devenir.<\/p>\n<p>ESTROFA I<\/p>\n<p>Por la d\u00e9cada de los cuarentas,<br \/>\nmanantial de la ciencia brot\u00f3<br \/>\nen Durango y Chihuahua sedientas<br \/>\nque el venero a la sed apag\u00f3.<br \/>\nEn el norte, en el sur y el oriente<br \/>\nInstitutos florecen doquier,<br \/>\nesparciendo tambi\u00e9n del poniente<br \/>\nel aroma sutil del saber.<\/p>\n<p>CORO<\/p>\n<p>Tecnol\u00f3gico, luz de la ciencia;<br \/>\nplataforma para el porvenir;<br \/>\ncon la t\u00e9cnica forjas conciencia<br \/>\npara darnos feliz devenir.<\/p>\n<p>ESTROFA II<\/p>\n<p>El sistema de los Tecnol\u00f3gicos<br \/>\nel esp\u00edritu cr\u00edtico cre\u00f3<br \/>\ngenerando los m\u00e9todos l\u00f3gicos<br \/>\ncon los cuales mil logros hall\u00f3;<br \/>\ninvestiga, proclama y convida<br \/>\nde la ciencia el saber superior<br \/>\nque transforma del hombre la vida<br \/>\nentreg\u00e1ndole un mundo mejor.<\/p>\n<p>CORO<\/p>\n<p>Tecnol\u00f3gico, luz de la ciencia;<br \/>\nplataforma para el porvenir;<br \/>\ncon la t\u00e9cnica forjas conciencia<br \/>\npara darnos feliz devenir.<\/p>\n<p>&nbsp;<\/p>\n<p><a href=\"https:\/\/www.youtube.com\/watch?v=k5hCfdq23O4\">VER ENLACE AQUI<\/a><br \/>\n[\/spoiler]<\/p>\n","protected":false},"excerpt":{"rendered":"<p>FILOSOF\u00cdA Se establece esta filosof\u00eda bas\u00e1ndose en el plan nacional del desarrollo que se\u00f1ala en el apartado de \u201ceducaci\u00f3n superior\u201d, que esta en un medio para acrecentar el capital humano y social de la naci\u00f3n, y la inteligencia individual y colectiva de los mexicanos, para enriquecer la cultura con las aportaciones de las humanidades, las [&hellip;]<\/p>\n","protected":false},"author":1,"featured_media":0,"parent":10,"menu_order":3,"comment_status":"open","ping_status":"closed","template":"","meta":{"footnotes":""},"class_list":["post-29","page","type-page","status-publish","hentry"],"_links":{"self":[{"href":"https:\/\/jbmtecnologias.com\/tec\/wp-json\/wp\/v2\/pages\/29","targetHints":{"allow":["GET"]}}],"collection":[{"href":"https:\/\/jbmtecnologias.com\/tec\/wp-json\/wp\/v2\/pages"}],"about":[{"href":"https:\/\/jbmtecnologias.com\/tec\/wp-json\/wp\/v2\/types\/page"}],"author":[{"embeddable":true,"href":"https:\/\/jbmtecnologias.com\/tec\/wp-json\/wp\/v2\/users\/1"}],"replies":[{"embeddable":true,"href":"https:\/\/jbmtecnologias.com\/tec\/wp-json\/wp\/v2\/comments?post=29"}],"version-history":[{"count":0,"href":"https:\/\/jbmtecnologias.com\/tec\/wp-json\/wp\/v2\/pages\/29\/revisions"}],"up":[{"embeddable":true,"href":"https:\/\/jbmtecnologias.com\/tec\/wp-json\/wp\/v2\/pages\/10"}],"wp:attachment":[{"href":"https:\/\/jbmtecnologias.com\/tec\/wp-json\/wp\/v2\/media?parent=29"}],"curies":[{"name":"wp","href":"https:\/\/api.w.org\/{rel}","templated":true}]}}