{"id":173,"date":"2015-04-17T11:31:54","date_gmt":"2015-04-17T17:31:54","guid":{"rendered":"http:\/\/www.itcancun.edu.mx\/?page_id=173"},"modified":"2015-04-17T11:31:54","modified_gmt":"2015-04-17T17:31:54","slug":"ingenieria-en-sistemas-computacionales","status":"publish","type":"page","link":"https:\/\/jbmtecnologias.com\/tec\/oferta\/licenciatura\/ingenieria-en-sistemas-computacionales\/","title":{"rendered":""},"content":{"rendered":"\t\t<div data-elementor-type=\"wp-page\" data-elementor-id=\"173\" class=\"elementor elementor-173\" data-elementor-settings=\"{&quot;ha_cmc_init_switcher&quot;:&quot;no&quot;}\">\n\t\t\t\t<div class=\"elementor-element elementor-element-730d9f95 e-flex e-con-boxed e-con e-parent\" data-id=\"730d9f95\" data-element_type=\"container\" data-settings=\"{&quot;_ha_eqh_enable&quot;:false}\">\n\t\t\t\t\t<div class=\"e-con-inner\">\n\t\t\t\t<div class=\"elementor-element elementor-element-1dbb1bab elementor-widget elementor-widget-text-editor\" data-id=\"1dbb1bab\" data-element_type=\"widget\" data-widget_type=\"text-editor.default\">\n\t\t\t\t<div class=\"elementor-widget-container\">\n\t\t\t\t\t\t\t\t\t<!--  ANTERIOR --><!-- <nav class=\"doctorado\" style=\"margin-top:3%;\">\n\t\t<ul>\n\t\t\t<li><a href=\"https:\/\/www.cancun.tecnm.mx\/oferta\/licenciatura\/ingenieria-en-sistemas-computacionales\/\">Inicio<\/a><\/li>\n\t\t\t<li><a href=\"https:\/\/www.cancun.tecnm.mx\/isc-perfil-egreso\/\">1. Perfil de Egreso<\/a><\/li>\n\t\t\t<li><a href=\"https:\/\/www.cancun.tecnm.mx\/isc-reticula\/\">2. Ret\u00edcula<\/a><\/li>\n\t\t\t<li><a href=\"https:\/\/www.cancun.tecnm.mx\/isc-especialidad\/\">3. Especialidad<\/a><\/li>\n\t\t\t<li><a href=\"https:\/\/www.cancun.tecnm.mx\/isc-lineas-investigacion\/\">4. L\u00edneas de Investigaci\u00f3n<\/a><\/li>\n\t\t\t<li><a href=\"https:\/\/www.cancun.tecnm.mx\/isc-productividad-academica\/\">5. Productividad Acad\u00e9mica<\/a><\/li>\n\t\t\t\n\t\t\t<li><a href=\"https:\/\/www.cancun.tecnm.mx\/isc-poster-folleto\/\">6. P\u00f3ster y folleto<\/a><\/li>\n\n<li><a href=\"https:\/\/www.cancun.tecnm.mx\/wp-content\/themes\/itcancun\/templates\/PDI%202019-2024%20%20ISC.pdf\" target=\"_blank\" rel=\"noopener noreferrer\">7.- PDI 2019-2024<\/a><\/li>\n\n\n<li><a href=\"https:\/\/www.cancun.tecnm.mx\/wp-content\/themes\/itcancun\/documents\/Sistemas\/PIID_2007-2012_ITC%20-%20ISC%20(1).pdf\" target=\"_blank\" rel=\"noopener noreferrer\">8.- PDI 2007 - 2012<\/a><\/li>\n\n\n\t\t<\/ul>\n\t<\/nav>\n\n\n<div class=\"doc-text1\" style=\"width: 90% !important;\">\n\n<center>\n<img decoding=\"async\" class=\"\" src=\"https:\/\/www.cancun.tecnm.mx\/wp-content\/uploads\/2021\/10\/banner-interior-ISIC.png\"><\/img>\n<\/center>\n\n<br>\n<br>\n\n<h3>Ingenier\u00eda en Sistemas Computacionales ISIC-2010-224<\/h3>\n<p>El Instituto Tecnol\u00f3gico de Canc\u00fan, es una instituci\u00f3n de educaci\u00f3n superior\npublica de car\u00e1cter federal perteneciente al Sistema Tecnol\u00f3gico Nacional de\nM\u00e9xico, el cual se encuentra constituido por 254 instituciones, con la misi\u00f3n de\nFormar integralmente profesionales competitivos de la ciencia, la tecnolog\u00eda y\notras \u00e1reas de conocimiento, comprometidos con el desarrollo econ\u00f3mico,\nsocial, cultural y con la sustentabilidad del pa\u00eds.<\/p>\n\n<p>En este sentido el Instituto Tecnol\u00f3gico de Canc\u00fan y su carrera en Ingenier\u00eda en\nsistemas computacionales, contribuyen con la soluci\u00f3n de las problem\u00e1ticas\nsociales de la regi\u00f3n y fortalece los esfuerzos institucionales para el desarrollo\ntecnol\u00f3gico y de investigaci\u00f3n en materia de desarrollo de software, redes de\ncomunicaci\u00f3n y an\u00e1lisis de datos.<\/p>\n\n<br>\n<center>\n<img decoding=\"async\" src=\"https:\/\/www.cancun.tecnm.mx\/wp-content\/uploads\/2021\/10\/Certificado-Internacional-1.jpeg\" style=\"width: 70%; border: 3px solid #f2f2f2; border-radius: 5px\" \/>\n<\/center>\n\n<br>\n<p>La carrera de Ingenier\u00eda en Sistemas Computacionales de nuestro Instituto Tecnol\u00f3gico cuenta con la acreditaci\u00f3n ante el Consejo de Acreditaci\u00f3n de la Ense\u00f1anza de la Ingenier\u00eda, A. C., (CACEI), El cual es una asociaci\u00f3n civil sin fines de lucro. Cuyo objetivo primordial es, mediante la acreditaci\u00f3n de los programas educativos en el \u00e1rea de las ingenier\u00edas, promover que las instituciones de educaci\u00f3n superior (IES) ofrezcan educaci\u00f3n de calidad a los estudiantes inscritos en programas de ingenier\u00eda.<\/p>\n\n\n<p>&nbsp;<\/p>\n\n\n\n<\/div> -->\n<div class=\"mSliderContainer\" style=\"margin-top: 30px;\">\n<div style=\"width: 90%;\"><!-- MetaSlider 12954 not found --><\/div>\n<\/div>\n\n<div class=\"iscSite\">\n<div>\n<p>El Instituto Tecnol\u00f3gico de Canc\u00fan, es una instituci\u00f3n de educaci\u00f3n superior publica de car\u00e1cter federal perteneciente al Sistema Tecnol\u00f3gico Nacional de M\u00e9xico, el cual se encuentra constituido por 254 instituciones, con la misi\u00f3n de Formar integralmente profesionales competitivos de la ciencia, la tecnolog\u00eda y otras \u00e1reas de conocimiento, comprometidos con el desarrollo econ\u00f3mico, social, cultural y con la sustentabilidad del pa\u00eds.<\/p>\n<p style=\"margin-top: 20px;\">En este sentido el Instituto Tecnol\u00f3gico de Canc\u00fan y su carrera en Ingenier\u00eda en sistemas computacionales, contribuyen con la soluci\u00f3n de las problem\u00e1ticas sociales de la regi\u00f3n y fortalece los esfuerzos institucionales para el desarrollo tecnol\u00f3gico y de investigaci\u00f3n en materia de desarrollo de software, redes de comunicaci\u00f3n y an\u00e1lisis de datos.<\/p>\n<div style=\"text-align: center; margin-top: 40px;\"><img decoding=\"async\" style=\"width: 45%; border: 1px solid;\" src=\"https:\/\/www.cancun.tecnm.mx\/wp-content\/uploads\/2021\/10\/Certificado-Internacional-1.jpeg\" alt=\"Diploma CACEI\" \/><\/div>\n<p style=\"margin-top: 20px; margin-bottom: 20px;\">La carrera de Ingenier\u00eda en Sistemas Computacionales de nuestro Instituto Tecnol\u00f3gico cuenta con la acreditaci\u00f3n ante el Consejo de Acreditaci\u00f3n de la Ense\u00f1anza de la Ingenier\u00eda, A. C., (CACEI), El cual es una asociaci\u00f3n civil sin fines de lucro. Cuyo objetivo primordial es, mediante la acreditaci\u00f3n de los programas educativos en el \u00e1rea de las ingenier\u00edas, promover que las instituciones de educaci\u00f3n superior (IES) ofrezcan educaci\u00f3n de calidad a los estudiantes inscritos en programas de ingenier\u00eda.<\/p>\n<\/div>\n<div class=\"mCardContainer\">\n<div class=\"mMaincontainer\">\n<div class=\"back\">\n<div class=\"cardFirst\">\n<p style=\"text-align: center;\">Formar profesionales en Ingenier\u00eda en Sistemas Computacionales altamente calificados en el \u00e1mbito acad\u00e9mico, cient\u00edfico, tecnol\u00f3gico, humanista y cultural, con s\u00f3lidos valores \u00e9ticos y morales; capaces de investigar e innovar para dar soluciones a los problemas y necesidades presentes y futuras de la regi\u00f3n y el pa\u00eds.<\/p>\n<\/div>\n<\/div>\n<div class=\"front\">\n<div class=\"cardFirst\">\n<h2>Misi\u00f3n<\/h2>\n<p style=\"text-align: center;\">Nuestra carrera tiene establecida una misi\u00f3n para garantizar el \u00e9xito acad\u00e9mico de los educandos.<\/p>\n<\/div>\n<\/div>\n<\/div>\n<div class=\"mMaincontainer\">\n<div class=\"back\">\n<div class=\"cardFirst\">\n<p style=\"text-align: center;\">Convertirse en una carrera l\u00edder en la formaci\u00f3n de profesionales comprometidos con la sociedad que se proyecte con un conjunto de conocimientos, t\u00e9cnicas, procedimientos y metodolog\u00edas; tal que permita cultivar y fomentar la investigaci\u00f3n t\u00e9cnico-cient\u00edfica, desarrollar habilidades que posibiliten la aplicaci\u00f3n de estos elementos al servicio de otras \u00e1reas del conocimiento, profesiones y de nuestra realidad nacional e intercambio institucional.<\/p>\n<\/div>\n<\/div>\n<div class=\"front\">\n<div class=\"cardFirst\">\n<h2>Visi\u00f3n<\/h2>\n<p style=\"text-align: center;\">Nuestra carrera tiene establecida una visi\u00f3n para garantizar el \u00e9xito acad\u00e9mico de los educandos.<\/p>\n<\/div>\n<\/div>\n<\/div>\n<div class=\"mMaincontainer\">\n<div class=\"back\">\n<div class=\"cardFirst\">\n<p style=\"text-align: center;\">Formar profesionistas li\u0301deres con visio\u0301n estrate\u0301gica y amplio sentido e\u0301tico; capaz de disen\u0303ar, desarrollar, implementar y administrar tecnologi\u0301a computacional para aportar soluciones innovadoras en beneficio de la sociedad; en un contexto global, multidisciplinario y sostenible.<\/p>\n<\/div>\n<\/div>\n<div class=\"front\">\n<div class=\"cardFirst\">\n<h2>Objetivo<\/h2>\n<p style=\"text-align: center;\">Formamos profesionales en infraestructura computacional que aportan soluciones innovadoras.<\/p>\n<\/div>\n<\/div>\n<\/div>\n<\/div>\n<button class=\"mAccordion\">Perfil de Ingreso <i class=\"fa-solid fa-angle-down fa-xl\"><\/i><\/button>\n<div class=\"mPanel\">\n<p>Los aspirantes del Programa Educativo de Ingenier\u00eda en Sistemas Computacionales, debe tener competencias gen\u00e9ricas y competencias acad\u00e9micas que se ajuste a un perfil t\u00e9cnico-cient\u00edfico:<\/p>\n<p style=\"font-weight: bold;\">Competencias gen\u00e9ricas:<\/p>\n<ul>\n<li>Aborda problemas y retos teniendo en cuenta los objetivos que persigue<\/li>\n<li>Escucha, interpreta y emite mensajes pertinentes en distintos contextos mediante la utilizaci\u00f3n de medios, c\u00f3digos y herramientas apropiados<\/li>\n<li>Propone soluciones a problemas a partir de m\u00e9todos establecidos<\/li>\n<li>Aprende de forma aut\u00f3noma<\/li>\n<li>Trabaja en equipos diversos<\/li>\n<li>Creatividad<\/li>\n<\/ul>\n<p style=\"font-weight: bold;\">Competencias acad\u00e9micas del perfil t\u00e9cnico-cient\u00edfico<\/p>\n<ul>\n<li>Habilidades matem\u00e1ticas<\/li>\n<li>Pensamiento anal\u00edtico<\/li>\n<li>Comprensi\u00f3n lectora<\/li>\n<li>Habilidades en tecnolog\u00edas<\/li>\n<\/ul>\n<p>Es <strong>recomendable<\/strong> que los aspirantes cuenten con Competencias T\u00e9cnicas afines al programa educativo.<\/p>\n<ul>\n<li>Manejo y uso de dispositivos computacionales y m\u00f3viles<\/li>\n<li>Habilidad de abstracci\u00f3n y an\u00e1lisis de informaci\u00f3n<\/li>\n<li>Conocimientos b\u00e1sicos de programaci\u00f3n<\/li>\n<li>Conocimiento b\u00e1sico de redes computacionales<\/li>\n<li>Conocimiento b\u00e1sico de sistemas computacionales<\/li>\n<\/ul>\n<\/div>\n<button class=\"mAccordion\">Perfil de Egreso <i class=\"fa-solid fa-angle-down fa-xl\"><\/i><\/button>\n<div class=\"mPanel\">\n<p>Los egresados de la carrera en Ingenier\u00eda en Sistemas Computacionales ser\u00e1n capaces de desarrollas las siguientes competencias.<\/p>\n<ol>\n<li>Implementa aplicaciones computacionales para solucionar problemas de diversos contextos, integrando diferentes tecnolog\u00edas, plataformas o dispositivos.<\/li>\n<li>Dise\u00f1a, desarrolla y aplica modelos computacionales para solucionar problemas, mediante la selecci\u00f3n y uso de herramientas matem\u00e1ticas.<\/li>\n<li>Dise\u00f1a e implementa interfaces para la automatizaci\u00f3n de sistemas de hardware y desarrollo del software asociado.<\/li>\n<li>Coordina y participa en equipos multidisciplinarios para la aplicaci\u00f3n de soluciones innovadoras en diferentes contextos.<\/li>\n<li>Dise\u00f1a, implementa y administra bases de datos optimizando los recursos disponibles, conforme a las normas vigentes de manejo y seguridad de la informaci\u00f3n.<\/li>\n<li>Desarrolla y administra software para apoyar la productividad y competitividad de las organizaciones cumpliendo con est\u00e1ndares de calidad.<\/li>\n<li>Eval\u00faa tecnolog\u00edas de hardware para soportar aplicaciones de manera efectiva.<\/li>\n<li>Detecta \u00e1reas de oportunidad empleando una visi\u00f3n empresarial para crear proyectos aplicando las Tecnolog\u00edas de la Informaci\u00f3n y Comunicaci\u00f3n.<\/li>\n<li>Dise\u00f1a, configura y administra redes de computadoras para crear soluciones de conectividad en la organizaci\u00f3n, aplicando las normas y est\u00e1ndares vigentes.<\/li>\n<\/ol>\n<\/div>\n<button class=\"mAccordion\">Atributos de Egreso <i class=\"fa-solid fa-angle-down fa-xl\"><\/i><\/button>\n<div class=\"mPanel\">\n<p>Los atributos de egreso son un conjunto de resultados evaluables individualmente, que indican el potencial de un egresado para mejorar sus competencias durante el ejercicio de la pra\u0301ctica profesional en un nivel apropiado.<\/p>\n<ol>\n<li>Dise\u00f1ar y desarrollar soluciones a problemas complejos de Ingenier\u00eda en Sistemas Computacionales aplicando los principios de las ciencias b\u00e1sicas e ingenier\u00eda.<\/li>\n<li>Identificar e implementar procesos de dise\u00f1o de ingenier\u00eda de software e infraestructura tecnol\u00f3gica que resulten en proyectos que cumplen las necesidades espec\u00edficas del entorno.<\/li>\n<li>Aplicar el juicio ingenieril para desarrollar y conducir una experimentaci\u00f3n adecuada, mediante teor\u00edas y tecnolog\u00edas de la ciencia de datos para poder establecer conclusiones.<\/li>\n<li>Comunicarse efectivamente con equipos multidisciplinarios para la aplicaci\u00f3n de soluciones computacionales en diferentes contextos, con capacidad de mantener comunicaci\u00f3n t\u00e9cnica en un segundo idioma y haciendo uso de las Tecnolog\u00edas de la Informaci\u00f3n y Comunicaci\u00f3n.<\/li>\n<li>Desempe\u00f1ar sus actividades profesionales considerando las responsabilidades \u00e9ticas, normas y est\u00e1ndares vigentes, en situaciones relevantes para la Ingenier\u00eda en Sistemas Computacionales, emitiendo juicios informados que consideren el impacto en los contextos global, econ\u00f3mico, ambiental y social.<\/li>\n<li>Adquirir conocimientos y habilidades con programas de formaci\u00f3n continua y autoaprendizaje para el uso de tecnolog\u00edas emergentes y su aplicaci\u00f3n en el \u00e1mbito de la Ingenier\u00eda en Sistemas Computacionales.<\/li>\n<li>Realizar trabajo colaborativo aplicando procesos, pr\u00e1cticas recomendadas, terminolog\u00edas y directrices para una gesti\u00f3n exitosa de proyectos de ingenier\u00eda.<\/li>\n<li>Tener una visi\u00f3n empresarial que le permita detectar \u00e1reas de oportunidad para emprender, seleccionar y aplicar herramientas de modelado para el desarrollo de proyectos haciendo uso de las tecnolog\u00edas de la informaci\u00f3n y comunicaci\u00f3n.<\/li>\n<\/ol>\n<\/div>\n<button class=\"mAccordion\">Objetivos Educacionales <i class=\"fa-solid fa-angle-down fa-xl\"><\/i><\/button>\n<div class=\"mPanel\">\n<ol>\n<li>Los egresados dirigen equipos de trabajo multidisciplinarios para desarrollar soluciones tecnol\u00f3gicas, innovadoras, y pertinentes a la realidad social de la regi\u00f3n y del pa\u00eds.<\/li>\n<li>Los egresados mantienen comunicaci\u00f3n oral y escrita en una segunda lengua.<\/li>\n<li>Los egresados realizan actividades de actualizaci\u00f3n profesional como estudios de posgrado, especializaciones, diplomados y certificaciones afines a la Ingenier\u00eda en Sistemas Computacionales.<\/li>\n<li>Los egresados dirigen o colaboran en proyectos de investigaci\u00f3n afines a la Ingenier\u00eda en Sistemas Computacionales.<\/li>\n<li>Los egresados emplean una visi\u00f3n empresarial detectando \u00e1reas de oportunidad mediante la inteligencia de negocio.<\/li>\n<\/ol>\n<\/div>\n<h2>Reticula de la carrera<\/h2>\n<div style=\"text-align: center;\"><img decoding=\"async\" class=\"mReticulaImage\" src=\"https:\/\/www.cancun.tecnm.mx\/wp-content\/themes\/itcancun\/documents\/Sistemas\/reticula-isc.png\" alt=\"Reticula de la carrera Ing en Sistemas Computacionales\" \/><\/div>\n<div style=\"text-align: center; margin-top: 20px;\"><a class=\"mButton\" href=\"https:\/\/www.itcancun.edu.mx\/wp-content\/uploads\/2019\/06\/Reticula-Ingenieria-en-Sistemas-Computacionales.pdf\" target=\"_blank\" rel=\"noopener noreferrer\">Descargar<\/a> <a class=\"mButton\" href=\"https:\/\/www.cancun.tecnm.mx\/isc-plan-de-estudios\/\" target=\"_blank\" rel=\"noopener noreferrer\">Ver planes de estudio<\/a><\/div>\n<button class=\"mAccordion\">Especialidad <i class=\"fa-solid fa-angle-down fa-xl\"><\/i><\/button>\n<div class=\"mPanel\">\n<p>La especialidad es el espacio dentro de un plan de estudios, constituido por un conjunto de asignaturas dise\u00f1adas por competencias, que complementan la formaci\u00f3n profesional de los estudiantes de los Institutos Tecnol\u00f3gicos.<\/p>\n<p style=\"margin-top: 10px;\">De acorde a los Lineamientos para la integraci\u00f3n de especialidades dise\u00f1ados para la formaci\u00f3n y desarrollo de competencias profesionales en los Institutos Tecnol\u00f3gicos, la carrera de Ingenier\u00eda en Sistemas Computacionales del Instituto Tecnol\u00f3gico de Canc\u00fan cuenta con la especialidad en <strong>Desarrollo de Aplicaciones<\/strong>, dentro de la cual se encuentran las siguientes asignaturas:<\/p>\n<table style=\"margin-top: 10px;\">\n<tbody>\n<tr>\n<th>Valida hasta Diciembre 2022<\/th>\n<th>Vigente a partir de Enero 2023<\/th>\n<\/tr>\n<tr>\n<td>Taller de programaci\u00f3n web<\/td>\n<td>Desarrollo de Aplicaciones Web<\/td>\n<\/tr>\n<tr>\n<td>Gesti\u00f3n de proyectos de software II<\/td>\n<td>Desarrollo de Aplicaciones M\u00f3viles Nativas<\/td>\n<\/tr>\n<tr>\n<td>Metodolog\u00edas de programaci\u00f3n<\/td>\n<td>Metodolog\u00edas Emergentes<\/td>\n<\/tr>\n<tr>\n<td>Metodolog\u00edas de proyectos de software<\/td>\n<td>Inteligencia de Negocios<\/td>\n<\/tr>\n<tr>\n<td>Programaci\u00f3n de dispositivos m\u00f3viles<\/td>\n<td>Desarrollo de Aplicaciones M\u00f3viles H\u00edbridas<\/td>\n<\/tr>\n<\/tbody>\n<\/table>\n<p style=\"margin-top: 10px;\">Las cuales fueron dise\u00f1adas pensando en las necesidades de los grupos de inter\u00e9s al que impacta nuestro Programa educativo en nuestra zona de influencia, quienes presentan la necesidad de ingenieros con habilidades para el an\u00e1lisis, desarrollo e implementaci\u00f3n de software que resuelva las problem\u00e1ticas de gesti\u00f3n de procesos y log\u00edstica.<\/p>\n<\/div>\n<button class=\"mAccordion\">L\u00edneas de Investigaci\u00f3n <i class=\"fa-solid fa-angle-down fa-xl\"><\/i><\/button>\n<div class=\"mPanel\">\n<p>Las l\u00edneas de investigaci\u00f3n autorizadas para el programa educativo de Ingenier\u00eda en Sistemas Computacionales., las cuales, de acuerdo a la Direcci\u00f3n de Posgrado e Innovaci\u00f3n del Sistema Tecnol\u00f3gico Nacional de M\u00e9xico, hace constar en los oficios <strong>M00.2.2.\/5243\/2017<\/strong> y <strong>M00.2.2.\/7515\/2017<\/strong> son:<\/p>\n<div style=\"display: flex; justify-content: center;\">\n<div class=\"mMaincontainer\">\n<div class=\"back\">\n<div class=\"cardFirst\"><a class=\"mButton\" href=\"https:\/\/cancun.tecnm.mx\/wp-content\/themes\/itcancun\/documents\/Sistemas\/Lineas%20de%20Investigaci%c3%b3n_1.pdf\">Ver<\/a><\/div>\n<\/div>\n<div class=\"front\">\n<div class=\"cardFirst\">\n<h2 style=\"font-size: 16px; text-align: center;\">Tecnolog\u00edas de la Informaci\u00f3n y Comunicaciones<\/h2>\n<p style=\"text-align: center;\">LGAC-2017-CANC-ISCO-20<\/p>\n<\/div>\n<\/div>\n<\/div>\n<div class=\"mMaincontainer\">\n<div class=\"back\">\n<div class=\"cardFirst\"><a class=\"mButton\" href=\"https:\/\/cancun.tecnm.mx\/wp-content\/themes\/itcancun\/documents\/Sistemas\/Lineas%20de%20Investigaci%c3%b3n_2.pdf\">Ver<\/a><\/div>\n<\/div>\n<div class=\"front\">\n<div class=\"cardFirst\">\n<h2 style=\"font-size: 16px; text-align: center;\">Desarrollo de Software e Infraestructura de Red<\/h2>\n<p style=\"text-align: center;\">LGAC-2017-CANC-ISCO-19<\/p>\n<\/div>\n<\/div>\n<\/div>\n<\/div>\n<\/div>\n<button class=\"mAccordion\">Productividad Acad\u00e9mica <i class=\"fa-solid fa-angle-down fa-xl\"><\/i><\/button>\n<div class=\"mPanel\">\n<p style=\"margin-bottom: 10px;\">La carrera de Ingenier\u00eda en Sistemas Computacionales del Instituto Tecnol\u00f3gico de Canc\u00fan, su grupo acad\u00e9mico y sus estudiantes han producido diversos desarrollos tecnol\u00f3gicos, entre los cuales se pueden destacar.<\/p>\n<hr \/>\n<h3>SISAD<\/h3>\n<p>El instituto Tecnol\u00f3gico de Canc\u00fan a trav\u00e9s de su cuerpo acad\u00e9mico, desarrollaron el Sistema Integral de Planeaci\u00f3n del Instituto Tecnol\u00f3gico de Canc\u00fan, el cual est\u00e1 actualmente en funcionamiento a nivel nacional en todos los IT\/Centros adscritos al Tecnol\u00f3gico Nacional de M\u00e9xico, el cual fue otorgado bajo licencia para su uso.<\/p>\n<p>Esta herramienta ha ayudado a la r\u00e1pida integraci\u00f3n de la presupuestaci\u00f3n de las instituciones educativas; as\u00ed como, de todos los procesos involucrados, a trav\u00e9s de un entorno web simplificado, con medidas de seguridad estables, asegurando la integridad de la informaci\u00f3n.<\/p>\n<a class=\"mButton\" href=\"https:\/\/www.cancun.tecnm.mx\/wp-content\/uploads\/2021\/10\/informe-tecnico-SIPLAN.pdf\" target=\"_blank\" rel=\"noopener noreferrer\">Documento SISAD<\/a><hr \/>\n<h3>SIGEMA<\/h3>\n<p>El instituto Tecnol\u00f3gico de Canc\u00fan a trav\u00e9s de su cuerpo acad\u00e9mico, desarrollaron el Sistema de Gesti\u00f3n de Mantenimiento de Equipos del Instituto Tecnol\u00f3gico de Canc\u00fan, el cual es actualmente empleado por m\u00faltiples instituciones del sistema Tecnol\u00f3gico Nacional de M\u00e9xico, a trav\u00e9s del mecanismo de Transferencia de Tecnolog\u00eda.<\/p>\n<p>Esta herramienta consiste en la administraci\u00f3n de los bienes de la instituci\u00f3n y la aplicaci\u00f3n de medidas preventivas de mantenimiento, herramientas y sus costos.<\/p>\n<a class=\"mButton\" href=\"https:\/\/www.cancun.tecnm.mx\/wp-content\/uploads\/2021\/10\/informe-tecnico-SIGEMA.pdf\" target=\"_blank\" rel=\"noopener noreferrer\">Documento SIGEMA<\/a><hr \/>\n<h3>SATIT<\/h3>\n<p>El instituto Tecnol\u00f3gico de Canc\u00fan a trav\u00e9s de su cuerpo acad\u00e9mico, desarrollaron el Sistema de Administraci\u00f3n de Tutor\u00edas del Instituto Tecnol\u00f3gico de Canc\u00fan, el cual es actualmente empleado por m\u00faltiples instituciones del sistema Tecnol\u00f3gico Nacional de M\u00e9xico, a trav\u00e9s del mecanismo de Transferencia de Tecnolog\u00eda.<\/p>\n<p>Esta herramienta consiste gesti\u00f3n del proceso de Tutor\u00edas acad\u00e9micas, administrado por el departamento de desarrollo acad\u00e9mico de las instituciones, permite dar el seguimiento a las acciones de tutor\u00eda de los docentes asignados al programa y analizar los resultados del mismo.<\/p>\n<a class=\"mButton\" href=\"https:\/\/www.cancun.tecnm.mx\/wp-content\/uploads\/2021\/10\/informe-tecnico-SATIT.pdf\" target=\"_blank\" rel=\"noopener noreferrer\">Documento SATIT<\/a><hr \/>\n<h3>SICLE<\/h3>\n<p>El instituto Tecnol\u00f3gico de Canc\u00fan a trav\u00e9s de su cuerpo acad\u00e9mico, desarrollaron el Sistema de Coordinaci\u00f3n de Lenguas Extranjeras del Instituto Tecnol\u00f3gico de Canc\u00fan, el cual es actualmente empleado por m\u00faltiples instituciones del sistema Tecnol\u00f3gico Nacional de M\u00e9xico, a trav\u00e9s del mecanismo de Transferencia de Tecnolog\u00eda.<\/p>\n<p>Esta herramienta consiste en la administraci\u00f3n de la Coordinaci\u00f3n de Lenguas Extranjeras donde se involucra a estudiantes, docentes y personal para el buen funcionamiento y manejo del \u00e1rea.<\/p>\n<a class=\"mButton\" href=\"https:\/\/cancun.tecnm.mx\/wp-content\/themes\/itcancun\/documents\/INFORME%20T%c3%89CNICO%20SICLE%20CHETUMAL-ITCANC%c3%9aN.pdf\" target=\"_blank\" rel=\"noopener noreferrer\">Documento SICLE<\/a><\/div>\n<h2>Programa de Desarrollo Departamental<\/h2>\n<div class=\"mPDDContainer\"><a class=\"mPDD\" href=\"https:\/\/www.cancun.tecnm.mx\/wp-content\/themes\/itcancun\/documents\/Sistemas\/PIID_2007-2012_ITC%20-%20ISC%20(1).pdf\"> PDI 2007 &#8211; 2012 <\/a> <a class=\"mPDD\" href=\"https:\/\/www.cancun.tecnm.mx\/wp-content\/themes\/itcancun\/documents\/Sistemas\/PDI%202019-2024%20%20ISC.pdf\"> PDI 2019 &#8211; 2024 <\/a><\/div>\n<h2>Noticias y eventos<\/h2>\n<p class=\"mTextMuted\" style=\"text-align: center;\">No hay noticias recientes.<\/p>\n<\/div>\n\n<p><script>\n    var acc = document.getElementsByClassName(\"mAccordion\");\n    var i;\n    \n    for (i = 0; i < acc.length; i++) {\n      acc[i].addEventListener(\"click\", function() {\n        this.classList.toggle(\"mActive\");\n        var panel = this.nextElementSibling;\n        if (panel.style.display === \"block\") {\n          panel.style.display = \"none\";\n        } else {\n          panel.style.display = \"block\";\n        }\n      });\n    }\n    <\/script> <script src=\"https:\/\/kit.fontawesome.com\/2fff93d78d.js\" crossorigin=\"anonymous\"><\/script><\/p>\n\t\t\t\t\t\t\t\t<\/div>\n\t\t\t\t<\/div>\n\t\t\t\t\t<\/div>\n\t\t\t\t<\/div>\n\t\t\t\t<\/div>\n\t\t","protected":false},"excerpt":{"rendered":"<p>El Instituto Tecnol\u00f3gico de Canc\u00fan, es una instituci\u00f3n de educaci\u00f3n superior publica de car\u00e1cter federal perteneciente al Sistema Tecnol\u00f3gico Nacional de M\u00e9xico, el cual se encuentra constituido por 254 instituciones, con la misi\u00f3n de Formar integralmente profesionales competitivos de la ciencia, la tecnolog\u00eda y otras \u00e1reas de conocimiento, comprometidos con el desarrollo econ\u00f3mico, social, cultural [&hellip;]<\/p>\n","protected":false},"author":1,"featured_media":0,"parent":66,"menu_order":5,"comment_status":"open","ping_status":"closed","template":"","meta":{"footnotes":""},"class_list":["post-173","page","type-page","status-publish","hentry"],"_links":{"self":[{"href":"https:\/\/jbmtecnologias.com\/tec\/wp-json\/wp\/v2\/pages\/173","targetHints":{"allow":["GET"]}}],"collection":[{"href":"https:\/\/jbmtecnologias.com\/tec\/wp-json\/wp\/v2\/pages"}],"about":[{"href":"https:\/\/jbmtecnologias.com\/tec\/wp-json\/wp\/v2\/types\/page"}],"author":[{"embeddable":true,"href":"https:\/\/jbmtecnologias.com\/tec\/wp-json\/wp\/v2\/users\/1"}],"replies":[{"embeddable":true,"href":"https:\/\/jbmtecnologias.com\/tec\/wp-json\/wp\/v2\/comments?post=173"}],"version-history":[{"count":0,"href":"https:\/\/jbmtecnologias.com\/tec\/wp-json\/wp\/v2\/pages\/173\/revisions"}],"up":[{"embeddable":true,"href":"https:\/\/jbmtecnologias.com\/tec\/wp-json\/wp\/v2\/pages\/66"}],"wp:attachment":[{"href":"https:\/\/jbmtecnologias.com\/tec\/wp-json\/wp\/v2\/media?parent=173"}],"curies":[{"name":"wp","href":"https:\/\/api.w.org\/{rel}","templated":true}]}}