{"id":16025,"date":"2024-03-22T10:32:21","date_gmt":"2024-03-22T16:32:21","guid":{"rendered":"https:\/\/www.cancun.tecnm.mx\/?page_id=16025"},"modified":"2024-03-22T10:32:21","modified_gmt":"2024-03-22T16:32:21","slug":"seguro-facultativo","status":"publish","type":"page","link":"https:\/\/jbmtecnologias.com\/tec\/seguro-facultativo\/","title":{"rendered":"Seguro Facultativo"},"content":{"rendered":"\t\t<div data-elementor-type=\"wp-page\" data-elementor-id=\"16025\" class=\"elementor elementor-16025\" data-elementor-settings=\"{&quot;ha_cmc_init_switcher&quot;:&quot;no&quot;}\">\n\t\t\t\t<div class=\"elementor-element elementor-element-167432fe e-flex e-con-boxed e-con e-parent\" data-id=\"167432fe\" data-element_type=\"container\" data-settings=\"{&quot;_ha_eqh_enable&quot;:false}\">\n\t\t\t\t\t<div class=\"e-con-inner\">\n\t\t\t\t<div class=\"elementor-element elementor-element-47fba280 elementor-widget elementor-widget-text-editor\" data-id=\"47fba280\" data-element_type=\"widget\" data-widget_type=\"text-editor.default\">\n\t\t\t\t<div class=\"elementor-widget-container\">\n\t\t\t\t\t\t\t\t\t<p><span style=\"font-family: arial, helvetica, sans-serif; font-size: 14pt;\"><\/span><\/p>\n<h1 class=\"has-black-color has-text-color has-x-large-font-size\"><span style=\"font-family: arial, helvetica, sans-serif; font-size: 24pt;\">\u00bfQu\u00e9 es el Seguro Facultativo?<\/span><\/h1>\n<p>\u00a0<\/p>\n<p>\u00a0<\/p>\n<p><span style=\"font-family: arial, helvetica, sans-serif; font-size: 14pt;\"><\/span><\/p>\n<p><span style=\"font-family: arial, helvetica, sans-serif; font-size: 14pt;\">El Seguro Facultativo o de salud para estudiantes es un servicio m\u00e9dico que se proporciona a todos los estudiantes que cursan estudios de nivel media, superior y de posgrado<\/span><\/p>\n<p>\u00a0<\/p>\n<p>\u00a0<\/p>\n<p><span style=\"font-family: arial, helvetica, sans-serif; font-size: 14pt;\"><\/span><\/p>\n<h1 class=\"has-x-large-font-size\"><span style=\"font-family: arial, helvetica, sans-serif; font-size: 24pt;\">\u00bfPor qu\u00e9 es Importante tramitar el Seguro Facultativo?<\/span><\/h1>\n<p>\u00a0<\/p>\n<p>\u00a0<\/p>\n<p><span style=\"font-family: arial, helvetica, sans-serif; font-size: 14pt;\"><\/span><\/p>\n<p><span style=\"font-family: arial, helvetica, sans-serif; font-size: 14pt;\">Contar con seguridad social te brinda innumerables beneficios, pues puedes recibir consulta m\u00e9dica en caso de emergencia, as\u00ed como tratamiento a diversos padecimientos. es uno de los requisitos inscripci\u00f3n y reinscripci\u00f3n, pero tambi\u00e9n para poder realizar visitas a empresas, viajes de pr\u00e1ctica, viajes a concursos en representaci\u00f3n del Tecnol\u00f3gico, participaci\u00f3n en Selectivos deportivos, c\u00edvicos o culturales, servicio social, residencia profesional, pr\u00e1cticas profesionales y en general a cualquier otra actividad de \u00edndole acad\u00e9mico, deportivo, c\u00edvico o cultural organizado por el TecNM, el IT Canc\u00fan o cualquier otro organismo en donde se participa en representaci\u00f3n institucional.<\/span><\/p>\n<p><span style=\"font-family: arial, helvetica, sans-serif; font-size: 14pt;\"><\/span><\/p>\n<p>\u00a0<\/p>\n<h1 class=\"has-x-large-font-size\"><span style=\"font-family: arial, helvetica, sans-serif; font-size: 24pt;\">Requisitos para dar de Alta el Seguro Facultativo<\/span><\/h1>\n<p>\u00a0<\/p>\n<p>\u00a0<\/p>\n<p><span style=\"font-family: arial, helvetica, sans-serif; font-size: 14pt;\"><\/span><\/p>\n<p><span style=\"font-family: arial, helvetica, sans-serif; font-size: 14pt;\">Entregar en el Departamento de Servicios Escolares tu Hoja de Vigencia de Derehcos en el cual te encuentras dado de baja para que nosotros como Instituci\u00f3n te podamos dar de Alta y puedas contar con el seguro, en la hoja le tendr\u00e1s que escribir tu direcci\u00f3n completa y c\u00f3digo postal.<\/span><\/p>\n<p>\u00a0<\/p>\n<p>\u00a0<\/p>\n<p><span style=\"font-family: arial, helvetica, sans-serif; font-size: 14pt;\"><a href=\"https:\/\/serviciosdigitales.imss.gob.mx\/gestionAsegurados-web-externo\/vigencia\">https:\/\/serviciosdigitales.imss.gob.mx\/gestionAsegurados-web-externo\/vigencia<\/a><\/span><\/p>\n<p><\/p>\t\t\t\t\t\t\t\t<\/div>\n\t\t\t\t<\/div>\n\t\t\t\t\t<\/div>\n\t\t\t\t<\/div>\n\t\t\t\t<\/div>\n\t\t","protected":false},"excerpt":{"rendered":"<p>\u00bfQu\u00e9 es el Seguro Facultativo? \u00a0 \u00a0 El Seguro Facultativo o de salud para estudiantes es un servicio m\u00e9dico que se proporciona a todos los estudiantes que cursan estudios de nivel media, superior y de posgrado \u00a0 \u00a0 \u00bfPor qu\u00e9 es Importante tramitar el Seguro Facultativo? \u00a0 \u00a0 Contar con seguridad social te brinda innumerables [&hellip;]<\/p>\n","protected":false},"author":1,"featured_media":0,"parent":0,"menu_order":0,"comment_status":"closed","ping_status":"closed","template":"","meta":{"footnotes":""},"class_list":["post-16025","page","type-page","status-publish","hentry"],"_links":{"self":[{"href":"https:\/\/jbmtecnologias.com\/tec\/wp-json\/wp\/v2\/pages\/16025","targetHints":{"allow":["GET"]}}],"collection":[{"href":"https:\/\/jbmtecnologias.com\/tec\/wp-json\/wp\/v2\/pages"}],"about":[{"href":"https:\/\/jbmtecnologias.com\/tec\/wp-json\/wp\/v2\/types\/page"}],"author":[{"embeddable":true,"href":"https:\/\/jbmtecnologias.com\/tec\/wp-json\/wp\/v2\/users\/1"}],"replies":[{"embeddable":true,"href":"https:\/\/jbmtecnologias.com\/tec\/wp-json\/wp\/v2\/comments?post=16025"}],"version-history":[{"count":0,"href":"https:\/\/jbmtecnologias.com\/tec\/wp-json\/wp\/v2\/pages\/16025\/revisions"}],"wp:attachment":[{"href":"https:\/\/jbmtecnologias.com\/tec\/wp-json\/wp\/v2\/media?parent=16025"}],"curies":[{"name":"wp","href":"https:\/\/api.w.org\/{rel}","templated":true}]}}