{"id":15006,"date":"2023-07-17T19:24:00","date_gmt":"2023-07-18T01:24:00","guid":{"rendered":"https:\/\/www.cancun.tecnm.mx\/?page_id=15006"},"modified":"2023-07-17T19:24:00","modified_gmt":"2023-07-18T01:24:00","slug":"u079","status":"publish","type":"page","link":"https:\/\/jbmtecnologias.com\/tec\/u079\/","title":{"rendered":"U079"},"content":{"rendered":"\n<div style=\"margin: 30px 10%;\">\n\n<h1>Programa Presupuestario U079 &#8220;Expansi\u00f3n de la Educaci\u00f3n Media Superior y Superior (Tipo Superior) 2023&#8221;\n<\/h1>\n<hr>\n\n<p>EL TECNM CAMPUS CANC\u00daN, RESULT\u00d3 FAVORECIDO EN LA CONVOCATORIA DEL PROGRAMA U079 PROGRAMA DE EXPANSI\u00d3N DE LA EDUCACI\u00d3N MEDIA SUPERIOR Y SUPERIOR (TIPO SUPERIOR) EJERCICIO FISCAL 2023<\/p>\n<div>\n\n\n\n\n<div class=\"wp-block-columns is-layout-flex wp-container-core-columns-is-layout-9d6595d7 wp-block-columns-is-layout-flex\">\n<div class=\"wp-block-column is-layout-flow wp-block-column-is-layout-flow\" style=\"flex-basis:100%\">\n<figure class=\"wp-block-table is-style-stripes\"><table><tbody><tr><td>Distribuci\u00f3n de Recursos del Programa de Expansi\u00f3n de la Educaci\u00f3n Media Superior y Superior, para el tipo superior U079 Ejercicio 2023<\/td><\/tr><tr><td><a href=\"https:\/\/www.cancun.tecnm.mx\/wp-content\/uploads\/2023\/07\/ResultadosAsignacion_U079-2023_VF-2.pdf\" data-type=\"URL\" data-id=\"https:\/\/www.cancun.tecnm.mx\/wp-content\/uploads\/2023\/07\/ResultadosAsignacion_U079-2023_VF-2.pdf\"><img decoding=\"async\" class=\"wp-image-6267\" style=\"width: 50px;\" src=\"https:\/\/www.cancun.tecnm.mx\/wp-content\/uploads\/2019\/04\/ver-pdf.png\" alt=\"\">Distribuci\u00f3n de Recursos U079 &#8211; 2023<\/a><\/td><\/tr><tr><td>Lineamientos del Programa U079<\/td><\/tr><tr><td><a href=\"https:\/\/www.cancun.tecnm.mx\/wp-content\/uploads\/2023\/10\/CriteriosU079.pdf\" data-type=\"URL\" data-id=\"https:\/\/www.cancun.tecnm.mx\/wp-content\/uploads\/2023\/10\/CriteriosU079.pdf\"><img decoding=\"async\" class=\"wp-image-6267\" style=\"width: 50px;\" src=\"https:\/\/www.cancun.tecnm.mx\/wp-content\/uploads\/2019\/04\/ver-pdf.png\" alt=\"\">CriteriosU079.pdf<\/a><\/td><\/tr><tr><td><mark>Contralor\u00eda Social<br><\/mark><br>&#8211; DOCUMENTOS NORMATIVOS &#8211;<\/td><\/tr><tr><td><a href=\"https:\/\/www.cancun.tecnm.mx\/wp-content\/uploads\/2023\/10\/1.GOCS_U0792023.pdf\" data-type=\"URL\" data-id=\"https:\/\/www.cancun.tecnm.mx\/wp-content\/uploads\/2023\/10\/1.GOCS_U0792023.pdf\"><img decoding=\"async\" class=\"wp-image-6267\" style=\"width: 50px;\" src=\"https:\/\/www.cancun.tecnm.mx\/wp-content\/uploads\/2019\/04\/ver-pdf.png\" alt=\"\"> GU\u00cdA OPERATIVA DE CONTRALOR\u00cdA SOCIAL EJERCICIO FISCAL 2023<\/a><br><br><a href=\"https:\/\/www.cancun.tecnm.mx\/wp-content\/uploads\/2023\/10\/2.-ESQUEMA_CS_U079_SEP_SES_SFP-2023.pdf\" data-type=\"URL\" data-id=\"https:\/\/www.cancun.tecnm.mx\/wp-content\/uploads\/2023\/10\/2.-ESQUEMA_CS_U079_SEP_SES_SFP-2023.pdf\"><img decoding=\"async\" class=\"wp-image-6267\" style=\"width: 50px;\" src=\"https:\/\/www.cancun.tecnm.mx\/wp-content\/uploads\/2019\/04\/ver-pdf.png\" alt=\"\"> ESQUEMA_CS_U079_SEP_SES_SFP 2023<\/a><\/td><\/tr><tr><td>&#8211; FORMATOS DE GU\u00cdA OPERATIVA-<\/td><\/tr><tr><td><a href=\"https:\/\/www.cancun.tecnm.mx\/wp-content\/uploads\/2023\/10\/FORMATOS-U079-CS.zip\" data-type=\"URL\" data-id=\"https:\/\/www.cancun.tecnm.mx\/wp-content\/uploads\/2023\/10\/FORMATOS-U079-CS.zip\"><img decoding=\"async\" class=\"wp-image-15450\" style=\"width: 50px;\" src=\"https:\/\/www.cancun.tecnm.mx\/wp-content\/uploads\/2023\/10\/1490891086-02_82602.png\" alt=\"\"> DESCARGAR FORMATOS<\/a><\/td><\/tr><tr><td>ACTA COMIT\u00c9 <\/td><\/tr><tr><td><a href=\"https:\/\/www.cancun.tecnm.mx\/wp-content\/uploads\/2023\/10\/Acta-Cons-CCSU079-ITCancun-Firmada.pdf\" data-type=\"URL\" data-id=\"https:\/\/www.cancun.tecnm.mx\/wp-content\/uploads\/2023\/10\/Acta-Cons-CCSU079-ITCancun-Firmada.pdf\"><img decoding=\"async\" class=\"wp-image-6267\" style=\"width: 50px;\" src=\"https:\/\/www.cancun.tecnm.mx\/wp-content\/uploads\/2019\/04\/ver-pdf.png\" alt=\"\">ACTA DE CONSTITUCI\u00d3N DE COMIT\u00c9 DE CONTRALOR\u00cdA SOCIAL<\/a><\/td><\/tr><tr><td>Reporte de avance f\u00edsico financiero sobre el estatus de los recursos<\/td><\/tr><tr><td>REPORTE TRIMESTRAL 1<br><a href=\"https:\/\/www.cancun.tecnm.mx\/wp-content\/uploads\/2023\/10\/DPPP_064.pdf\" data-type=\"URL\" data-id=\"https:\/\/www.cancun.tecnm.mx\/wp-content\/uploads\/2023\/10\/DPPP_064.pdf\"><img decoding=\"async\" class=\"wp-image-6267\" style=\"width: 50px;\" src=\"https:\/\/www.cancun.tecnm.mx\/wp-content\/uploads\/2019\/04\/ver-pdf.png\" alt=\"\"> Primer Reporte Trimestral U079 2023.pdf<br><\/a><br>REPORTE TRIMESTRAL 2<br><br><a href=\"https:\/\/www.cancun.tecnm.mx\/wp-content\/uploads\/2023\/10\/DPPP_097.pdf\" data-type=\"URL\" data-id=\"https:\/\/www.cancun.tecnm.mx\/wp-content\/uploads\/2023\/10\/DPPP_097.pdf\"><img decoding=\"async\" class=\"wp-image-6267\" style=\"width: 50px;\" src=\"https:\/\/www.cancun.tecnm.mx\/wp-content\/uploads\/2019\/04\/ver-pdf.png\" alt=\"\"> Segundo Reporte Trimestral U079 2023.pdf<\/a><\/td><\/tr><\/tbody><\/table><\/figure>\n<\/div>\n<\/div>\n\n\n\n<p><\/p>\n\n\n\n<p><\/p>\n","protected":false},"excerpt":{"rendered":"<p>Programa Presupuestario U079 &#8220;Expansi\u00f3n de la Educaci\u00f3n Media Superior y Superior (Tipo Superior) 2023&#8221; EL TECNM CAMPUS CANC\u00daN, RESULT\u00d3 FAVORECIDO EN LA CONVOCATORIA DEL PROGRAMA U079 PROGRAMA DE EXPANSI\u00d3N DE LA EDUCACI\u00d3N MEDIA SUPERIOR Y SUPERIOR (TIPO SUPERIOR) EJERCICIO FISCAL 2023 Distribuci\u00f3n de Recursos del Programa de Expansi\u00f3n de la Educaci\u00f3n Media Superior y Superior, [&hellip;]<\/p>\n","protected":false},"author":1,"featured_media":0,"parent":0,"menu_order":0,"comment_status":"closed","ping_status":"closed","template":"","meta":{"footnotes":""},"class_list":["post-15006","page","type-page","status-publish","hentry"],"_links":{"self":[{"href":"https:\/\/jbmtecnologias.com\/tec\/wp-json\/wp\/v2\/pages\/15006","targetHints":{"allow":["GET"]}}],"collection":[{"href":"https:\/\/jbmtecnologias.com\/tec\/wp-json\/wp\/v2\/pages"}],"about":[{"href":"https:\/\/jbmtecnologias.com\/tec\/wp-json\/wp\/v2\/types\/page"}],"author":[{"embeddable":true,"href":"https:\/\/jbmtecnologias.com\/tec\/wp-json\/wp\/v2\/users\/1"}],"replies":[{"embeddable":true,"href":"https:\/\/jbmtecnologias.com\/tec\/wp-json\/wp\/v2\/comments?post=15006"}],"version-history":[{"count":0,"href":"https:\/\/jbmtecnologias.com\/tec\/wp-json\/wp\/v2\/pages\/15006\/revisions"}],"wp:attachment":[{"href":"https:\/\/jbmtecnologias.com\/tec\/wp-json\/wp\/v2\/media?parent=15006"}],"curies":[{"name":"wp","href":"https:\/\/api.w.org\/{rel}","templated":true}]}}