{"id":14805,"date":"2023-06-29T10:01:46","date_gmt":"2023-06-29T16:01:46","guid":{"rendered":"https:\/\/www.cancun.tecnm.mx\/?page_id=14805"},"modified":"2023-06-29T10:01:46","modified_gmt":"2023-06-29T16:01:46","slug":"turismo-2","status":"publish","type":"page","link":"https:\/\/jbmtecnologias.com\/tec\/turismo-2\/","title":{"rendered":"Turismo"},"content":{"rendered":"\t\t<div data-elementor-type=\"wp-page\" data-elementor-id=\"14805\" class=\"elementor elementor-14805\" data-elementor-settings=\"{&quot;ha_cmc_init_switcher&quot;:&quot;no&quot;}\">\n\t\t\t\t<div class=\"elementor-element elementor-element-45fefb5a e-flex e-con-boxed e-con e-parent\" data-id=\"45fefb5a\" data-element_type=\"container\" data-settings=\"{&quot;_ha_eqh_enable&quot;:false}\">\n\t\t\t\t\t<div class=\"e-con-inner\">\n\t\t\t\t<div class=\"elementor-element elementor-element-288039cd elementor-widget elementor-widget-text-editor\" data-id=\"288039cd\" data-element_type=\"widget\" data-widget_type=\"text-editor.default\">\n\t\t\t\t<div class=\"elementor-widget-container\">\n\t\t\t\t\t\t\t\t\t<p><\/p>\n<nav class=\"doctorado\" style=\"margin-top: 3%;\">\n<ul>\n<li style=\"text-align: left;\"><a href=\"https:\/\/www.cancun.tecnm.mx\/ingenieria-ferroviaria\/\">Inicio<\/a><\/li>\n<li style=\"text-align: left;\"><a href=\"#\">1. Perfil de Egreso<\/a><\/li>\n<li style=\"text-align: left;\"><a href=\"#\">2. Ret\u00edcula<\/a><\/li>\n<\/ul>\n<p style=\"text-align: left;\"><!-- <\/p>\n<li><a href=\"https:\/\/www.cancun.tecnm.mx\/isc-especialidad\/\">3. Especialidad<\/a><\/li>\n<p> --><br \/><!-- <\/p>\n<li><a href=\"https:\/\/www.cancun.tecnm.mx\/isc-lineas-investigacion\/\">4. L\u00edneas de Investigaci\u00f3n<\/a><\/li>\n<p> --><br \/><!-- <\/p>\n<li><a href=\"https:\/\/www.cancun.tecnm.mx\/isc-productividad-academica\/\">5. Productividad Acad\u00e9mica<\/a><\/li>\n<p> --><br \/><!-- <\/p>\n<li><a href=\"\">4. P\u00f3ster y folleto<\/a><\/li>\n<p>--><\/p>\n<\/nav>\n<p><\/p>\n<p><\/p>\n<div class=\"doc-text1\" style=\"width: 90% !important;\">\n<p>\u00a0<\/p>\n<center><br \/><img decoding=\"async\" class=\"\" src=\"https:\/\/www.cancun.tecnm.mx\/wp-content\/uploads\/2023\/06\/turismoyou.png\" \/><\/center>\n<p>\u00a0<\/p>\n<h1 style=\"text-align: center; margin-top: 3%;\">Turismo LTUR-2012-237<\/h1>\n<p>\u00a0<\/p>\n<center style=\"margin-top: 6%;\">\n<h1>\u00bfCu\u00e1les son las ventajas de estudiar turismo?<\/h1>\n<p>\u00a0Las principales ventajas que obtendr\u00e1s si te decides a estudiar turismo son:<\/p>\n<p>* <b>Conocer lugares nuevos por todo el mundo:<\/b> Si estudias turismo, tendr\u00e1s la posibilidad de trabajar en otros pa\u00edses, lo cual te permitir\u00e1 vivir en ciudades que quiz\u00e1s ni siquiera conoc\u00edas. A su vez, esto te servir\u00e1 para acercarte a otras culturas y formas de vivir, lo que sin duda alguna es una experiencia enriquecedora que te aportar\u00e1 cosas grandes a nivel personal.<\/p>\n<p>*<b>Numerosas salidas laborales:<\/b> Muchas ciudades como el nuestro (Canc\u00fan) tienen en el turismo su principal o una de sus principales fuentes de ingresos, por lo que el Grado en turismo es una carrera con muchas salidas a nivel laboral. Adem\u00e1s, despu\u00e9s de realizar estos estudios podr\u00e1s acceder a trabajos muy diversos, como dirigir un hotel, ser consultor tur\u00edstico, o responsable de eventos tur\u00edsticos, entre otros.<\/p>\n<p>*<b>Trabajar tanto en el sector p\u00fablico como en empresas privadas:<\/b> El Grado en turismo abre las puertas a trabajar no solo en empresas del \u00e1mbito privado, sino que tambi\u00e9n da la opci\u00f3n de estudiar las oposiciones que se convocan para los graduados en turismo. Entre estas \u00faltimas, la administraci\u00f3n saca plazas para ser t\u00e9cnico de turismo y para inspector de turismo, si bien hay otras posibilidades.<\/p>\n<p>*<b>Poner en marcha tu propio negocio:<\/b> Otra de las ventajas de estudiar turismo es que adem\u00e1s de trabajar en otra empresa, del sector p\u00fablico o privado, tambi\u00e9n puedes emprender por tu cuenta. Es decir, puedes crear tu propio negocio.<\/p>\n<\/center><\/div>\n<p><\/p>\t\t\t\t\t\t\t\t<\/div>\n\t\t\t\t<\/div>\n\t\t\t\t\t<\/div>\n\t\t\t\t<\/div>\n\t\t<div class=\"elementor-element elementor-element-de92e6a e-flex e-con-boxed e-con e-parent\" data-id=\"de92e6a\" data-element_type=\"container\" data-settings=\"{&quot;_ha_eqh_enable&quot;:false}\">\n\t\t\t\t\t<div class=\"e-con-inner\">\n\t\t\t\t<div class=\"elementor-element elementor-element-2410906 elementor-widget elementor-widget-text-editor\" data-id=\"2410906\" data-element_type=\"widget\" data-widget_type=\"text-editor.default\">\n\t\t\t\t<div class=\"elementor-widget-container\">\n\t\t\t\t\t\t\t\t\t<p>Perfil de Egreso<br \/>1. Promueve el desarrollo sustentable en el turismo fomentando el respeto a la cultura y la naturaleza con un compromiso \u00e9tico.<br \/>2. Eval\u00faa y aplica planes, programas y proyectos tur\u00edsticos para el desarrollo integral de las comunidades receptoras.<br \/>3. Reconoce el fen\u00f3meno tur\u00edstico identificando los indicadores de orden social, para coadyuvar al aumento de la calidad de la oferta tur\u00edstica.<br \/>4. Preserva la cultura nacional e internacional respetando su identidad.<br \/>5. Elabora un plan de negocios para la creaci\u00f3n de empresas tur\u00edsticas.<br \/>6. Valora la riqueza ecol\u00f3gica para la prestaci\u00f3n de servicios tur\u00edsticos.<br \/>7. Administra recursos humanos, materiales, t\u00e9cnicos y financieros de empresas tur\u00edsticas.<br \/>8. Conoce el marco legal, para garantizar el funcionamiento del sistema tur\u00edstico fortaleciendo la seguridad en su entorno.<br \/>9. Aplica el uso de las tecnolog\u00edas de la informaci\u00f3n y comunicaci\u00f3n (TIC\u00b4S) para lograr la eficiencia en el desarrollo del sistema tur\u00edstico.<br \/>10. Analiza las nuevas tendencias para el desarrollo del sector tur\u00edstico a nivel global.<\/p>\t\t\t\t\t\t\t\t<\/div>\n\t\t\t\t<\/div>\n\t\t\t\t\t<\/div>\n\t\t\t\t<\/div>\n\t\t<div class=\"elementor-element elementor-element-b24e5fd e-flex e-con-boxed e-con e-parent\" data-id=\"b24e5fd\" data-element_type=\"container\" data-settings=\"{&quot;_ha_eqh_enable&quot;:false}\">\n\t\t\t\t\t<div class=\"e-con-inner\">\n\t\t\t\t<div class=\"elementor-element elementor-element-43cd651 elementor-widget elementor-widget-text-editor\" data-id=\"43cd651\" data-element_type=\"widget\" data-widget_type=\"text-editor.default\">\n\t\t\t\t<div class=\"elementor-widget-container\">\n\t\t\t\t\t\t\t\t\t<p>Objetivo General<\/p>\n<p>\u00a0<\/p>\n<p>Formar profesionales en Turismo capaces de emprender, gestionar e innovar proyectos tur\u00edsticos sustentables donde la calidad ser\u00e1 su caracter\u00edstica principal, acordes con las necesidades y las tendencias globales que este sector demanda, con sentido \u00e9tico y respeto a la integridad del patrimonio natural y cultural, para el desarrollo y crecimiento \u00f3ptimo del turismo.<\/p>\t\t\t\t\t\t\t\t<\/div>\n\t\t\t\t<\/div>\n\t\t\t\t\t<\/div>\n\t\t\t\t<\/div>\n\t\t<div class=\"elementor-element elementor-element-fe02ae6 e-flex e-con-boxed e-con e-parent\" data-id=\"fe02ae6\" data-element_type=\"container\" data-settings=\"{&quot;_ha_eqh_enable&quot;:false}\">\n\t\t\t\t\t<div class=\"e-con-inner\">\n\t\t\t\t<div class=\"elementor-element elementor-element-0ff3d01 elementor-widget elementor-widget-image\" data-id=\"0ff3d01\" data-element_type=\"widget\" data-widget_type=\"image.default\">\n\t\t\t\t<div class=\"elementor-widget-container\">\n\t\t\t\t\t\t\t\t\t\t\t\t\t\t\t<img decoding=\"async\" src=\"https:\/\/www.cancun.tecnm.mx\/wp-content\/uploads\/2024\/02\/Captura-de-pantalla-2024-02-20-170855.png\" title=\"\" alt=\"\" loading=\"lazy\" \/>\t\t\t\t\t\t\t\t\t\t\t\t\t\t\t<\/div>\n\t\t\t\t<\/div>\n\t\t\t\t\t<\/div>\n\t\t\t\t<\/div>\n\t\t\t\t<\/div>\n\t\t","protected":false},"excerpt":{"rendered":"<p>Inicio 1. Perfil de Egreso 2. Ret\u00edcula \u00a0 \u00a0 Turismo LTUR-2012-237 \u00a0 \u00bfCu\u00e1les son las ventajas de estudiar turismo? \u00a0Las principales ventajas que obtendr\u00e1s si te decides a estudiar turismo son: * Conocer lugares nuevos por todo el mundo: Si estudias turismo, tendr\u00e1s la posibilidad de trabajar en otros pa\u00edses, lo cual te permitir\u00e1 vivir [&hellip;]<\/p>\n","protected":false},"author":1,"featured_media":0,"parent":0,"menu_order":0,"comment_status":"closed","ping_status":"closed","template":"","meta":{"footnotes":""},"class_list":["post-14805","page","type-page","status-publish","hentry"],"_links":{"self":[{"href":"https:\/\/jbmtecnologias.com\/tec\/wp-json\/wp\/v2\/pages\/14805","targetHints":{"allow":["GET"]}}],"collection":[{"href":"https:\/\/jbmtecnologias.com\/tec\/wp-json\/wp\/v2\/pages"}],"about":[{"href":"https:\/\/jbmtecnologias.com\/tec\/wp-json\/wp\/v2\/types\/page"}],"author":[{"embeddable":true,"href":"https:\/\/jbmtecnologias.com\/tec\/wp-json\/wp\/v2\/users\/1"}],"replies":[{"embeddable":true,"href":"https:\/\/jbmtecnologias.com\/tec\/wp-json\/wp\/v2\/comments?post=14805"}],"version-history":[{"count":0,"href":"https:\/\/jbmtecnologias.com\/tec\/wp-json\/wp\/v2\/pages\/14805\/revisions"}],"wp:attachment":[{"href":"https:\/\/jbmtecnologias.com\/tec\/wp-json\/wp\/v2\/media?parent=14805"}],"curies":[{"name":"wp","href":"https:\/\/api.w.org\/{rel}","templated":true}]}}