{"id":14,"date":"2015-04-16T18:22:46","date_gmt":"2015-04-17T00:22:46","guid":{"rendered":"http:\/\/www.itcancun.edu.mx\/?page_id=14"},"modified":"2015-04-16T18:22:46","modified_gmt":"2015-04-17T00:22:46","slug":"historia","status":"publish","type":"page","link":"https:\/\/jbmtecnologias.com\/tec\/instituto\/historia\/","title":{"rendered":"Historia"},"content":{"rendered":"<div>Detalles &nbsp;&nbsp;Categor\u00eda: <a href=\"https:\/\/www.cancun.tecnm.mx\/index.php\/82-instituto\/institucion\">Instituci\u00f3n<\/a><\/div>\n<div>&nbsp;<\/div>\n<div>&nbsp;<\/div>\n<div>&nbsp;&nbsp; &nbsp;<a href=\"http:\/\/www.itcancun.edu.mx\/wp-content\/uploads\/2015\/08\/historia_itc1-150x1501.png\"><img decoding=\"async\" class=\"alignnone size-full wp-image-1255\" src=\"http:\/\/www.itcancun.edu.mx\/wp-content\/uploads\/2015\/08\/historia_itc1-150x1501.png\" alt=\"historia_itc1-150x150\" width=\"150\" height=\"150\"><\/a><\/div>\n<div>&nbsp;<\/div>\n<div class=\"item-page clearfix\">\n<p>El Instituto Tecnol\u00f3gico de Canc\u00fan, se inici\u00f3 como m\u00f3dulo del Instituto Tecnol\u00f3gico de Chetumal Q. Roo en&nbsp;las instalaciones del CBTIS 111 el d\u00eda 4 de Octubre de 1984. El 22 de Septiembre de 1986 el Instituto Tecnol\u00f3gico de Canc\u00fan inicia sus operaciones en instalaciones propias ubicadas en la Avenida Kabah Km. 3 en un terreno de una superficie total de 18 hect\u00e1reas, contando con un terreno de 3 hect\u00e1reas en Puerto Ju\u00e1rez para la carrera de Ingenier\u00eda en Pesca Industrial. Es as\u00ed como el 22 de Septiembre de 1986 el Lic. Pedro Joaqu\u00edn Coldwell, Gobernador Constitucional del Estado de Quintana Roo, acompa\u00f1ado del Dr. Manuel V. Ortega O., Subsecretario de Educaci\u00f3n e Investigaci\u00f3n Tecnol\u00f3gicas y otros funcionarios educativos y del Municipal y Estatal, declara en una ceremonia inaugurados los cursos correspondientes al cuatrimestre Septiembre\/86 &#8211; Enero\/87. Desde su creaci\u00f3n es una Instituci\u00f3n que sigue a la vanguardia los cambios tecnol\u00f3gicos y sociales de una manera Integral.<\/p>\n<\/div>\n","protected":false},"excerpt":{"rendered":"<p>Detalles &nbsp;&nbsp;Categor\u00eda: Instituci\u00f3n &nbsp; &nbsp; &nbsp;&nbsp; &nbsp; &nbsp; El Instituto Tecnol\u00f3gico de Canc\u00fan, se inici\u00f3 como m\u00f3dulo del Instituto Tecnol\u00f3gico de Chetumal Q. Roo en&nbsp;las instalaciones del CBTIS 111 el d\u00eda 4 de Octubre de 1984. El 22 de Septiembre de 1986 el Instituto Tecnol\u00f3gico de Canc\u00fan inicia sus operaciones en instalaciones propias ubicadas en [&hellip;]<\/p>\n","protected":false},"author":1,"featured_media":0,"parent":10,"menu_order":2,"comment_status":"open","ping_status":"closed","template":"","meta":{"footnotes":""},"class_list":["post-14","page","type-page","status-publish","hentry"],"_links":{"self":[{"href":"https:\/\/jbmtecnologias.com\/tec\/wp-json\/wp\/v2\/pages\/14","targetHints":{"allow":["GET"]}}],"collection":[{"href":"https:\/\/jbmtecnologias.com\/tec\/wp-json\/wp\/v2\/pages"}],"about":[{"href":"https:\/\/jbmtecnologias.com\/tec\/wp-json\/wp\/v2\/types\/page"}],"author":[{"embeddable":true,"href":"https:\/\/jbmtecnologias.com\/tec\/wp-json\/wp\/v2\/users\/1"}],"replies":[{"embeddable":true,"href":"https:\/\/jbmtecnologias.com\/tec\/wp-json\/wp\/v2\/comments?post=14"}],"version-history":[{"count":0,"href":"https:\/\/jbmtecnologias.com\/tec\/wp-json\/wp\/v2\/pages\/14\/revisions"}],"up":[{"embeddable":true,"href":"https:\/\/jbmtecnologias.com\/tec\/wp-json\/wp\/v2\/pages\/10"}],"wp:attachment":[{"href":"https:\/\/jbmtecnologias.com\/tec\/wp-json\/wp\/v2\/media?parent=14"}],"curies":[{"name":"wp","href":"https:\/\/api.w.org\/{rel}","templated":true}]}}