{"id":123,"date":"2015-04-17T10:23:36","date_gmt":"2015-04-17T16:23:36","guid":{"rendered":"http:\/\/www.itcancun.edu.mx\/?page_id=123"},"modified":"2015-04-17T10:23:36","modified_gmt":"2015-04-17T16:23:36","slug":"convocatorias-y-comunicados","status":"publish","type":"page","link":"https:\/\/jbmtecnologias.com\/tec\/personal\/convocatorias-y-comunicados\/","title":{"rendered":"Convocatorias y Comunicados"},"content":{"rendered":"\n<br><br><br><br>\n<p style=\"text-align: center;\">\u00a0<a href=\"https:\/\/www.cancun.tecnm.mx\/wp-content\/uploads\/2023\/08\/CONVOCATORIA-CAFETERIA-ITC.pdf\">CONVOCATORIA CAFETERIA ITC<\/a><\/p>\n\n<!--\n<p style=\"text-align: center;\">\u00a0<a href=\"https:\/\/www.cancun.tecnm.mx\/wp-content\/uploads\/2022\/04\/CONVOCATORIA-FEMENIL-FUTBOL-INTRAMUROS-2022.pdf\">CONVOCATORIA FEMENIL FUTBOL INTRAMUROS 2022<\/a><\/p>\n-->\n<br><br>\n<!--\n<p style=\"text-align: center;\">\u00a0<a href=\"https:\/\/www.cancun.tecnm.mx\/wp-content\/uploads\/2022\/04\/CONVOCATORIA-VARONIL-FUTBOL-INTRAMUROS-2022.pdf\">CONVOCATORIA VARONIL FUTBOL INTRAMUROS 2022<\/a><\/p>\n-->\n<br><br><br><br>\n\n\n<!-- \n\n<p style=\"text-align: center;\">PRIMER ANIVERSARIO DEL TECNM<\/p>\n\n\n\n\n<p style=\"text-align: center;\">\u00a0<a href=\"http:\/\/www.itcancun.edu.mx\/?page_id=1479\">VER MAS INFORMACI\u00d3N<\/a><\/p>\n\n\n\n\n<p style=\"text-align: center;\">Programa Nacional de Becas 2015 (CERRADA)<\/p>\n\n<p style=\"text-align: center;\">\u00a0<a href=\"http:\/\/www.itcancun.edu.mx\/?page_id=2107\">VER MAS INFORMACI\u00d3N<\/a><\/p>\n\n<p style=\"text-align: center;\">PROGRAMA DE CAPACITACI\u00d3N PARA DOCENTES<br \/>PERIODO AGOSTO-DICIEMBRE 2015<\/p>\n\n<p style=\"text-align: center;\">\u00a0<a href=\"http:\/\/www.itcancun.edu.mx\/wp-content\/uploads\/2015\/08\/PROGRAMA-DE-CAPACITACION-AGOS-DIC-2105.pdf\">VER MAS INFORMACI\u00d3N<\/a><\/p>\n\n\n\n\n\n\n\n\n\n<p style=\"text-align: center;\">22a Semana Nacional de Ciencia y Tecnolog\u00eda 2015<\/p>\n\n\n\n\n<p style=\"text-align: center;\">\u00a0<a href=\"http:\/\/www.itcancun.edu.mx\/?page_id=2329\">VER MAS INFORMACI\u00d3N<\/a><\/p>\n\n\n\n\n\n\n\n\n\n<p style=\"text-align: center;\">8VA MUESTRA DE PROYECTOS ACAD\u00c9MICOS, EMPRESARIALES Y DE INNOVACI\u00d3N TECNOL\u00d3GICA ITC, CONVOCATORIA 2015<\/p>\n\n\n\n\n<p style=\"text-align: center;\">\u00a0<a href=\"http:\/\/www.itcancun.edu.mx\/?page_id=2294\">VER MAS INFORMACI\u00d3N<\/a><\/p>\n\n\n\n\n\n\n\n\n\n<p style=\"text-align: center;\">Convocatoria para Maestros de Ingles 2016 (CERRADA)<\/p>\n\n\n\n\n<p style=\"text-align: center;\">\u00a0<a href=\"http:\/\/www.itcancun.edu.mx\/?page_id=2488\">VER MAS INFORMACI\u00d3N<\/a><\/p>\n\n\n\n\n\n\n\n\n\n<p style=\"text-align: center;\">SEMANA ACAD\u00c9MICA DE LA CONTADUR\u00cdA 2016<\/p>\n\n\n\n\n<p style=\"text-align: center;\">\u00a0<a href=\"http:\/\/www.itcancun.edu.mx\/?page_id=2994\">VER MAS INFORMACI\u00d3N<\/a><\/p>\n\n --><\/p>\n<p><!-- \n\n<p style=\"text-align: center;\">PRIMER ANIVERSARIO DEL TECNM<\/p>\n\n\n\n\n<p style=\"text-align: center;\">\u00a0<a href=\"http:\/\/www.itcancun.edu.mx\/?page_id=1479\">VER MAS INFORMACI\u00d3N<\/a><\/p>\n\n\n\n\n\n\n\n\n\n<p style=\"text-align: center;\">Programa Nacional de Becas 2015 (CERRADA)<\/p>\n\n\n\n\n<p style=\"text-align: center;\">\u00a0<a href=\"http:\/\/www.itcancun.edu.mx\/?page_id=2107\">VER MAS INFORMACI\u00d3N<\/a><\/p>\n\n\n\n\n\n\n\n\n\n<p style=\"text-align: center;\">PROGRAMA DE CAPACITACI\u00d3N PARA DOCENTES<br \/>PERIODO AGOSTO-DICIEMBRE 2015<\/p>\n\n\n\n\n<p style=\"text-align: center;\">\u00a0<a href=\"http:\/\/www.itcancun.edu.mx\/wp-content\/uploads\/2015\/08\/PROGRAMA-DE-CAPACITACION-AGOS-DIC-2105.pdf\">VER MAS INFORMACI\u00d3N<\/a><\/p>\n\n\n\n\n\n\n\n\n\n<p style=\"text-align: center;\">22a Semana Nacional de Ciencia y Tecnolog\u00eda 2015<\/p>\n\n\n\n\n<p style=\"text-align: center;\">\u00a0<a href=\"http:\/\/www.itcancun.edu.mx\/?page_id=2329\">VER MAS INFORMACI\u00d3N<\/a><\/p>\n\n\n\n\n\n\n\n\n\n<p style=\"text-align: center;\">8VA MUESTRA DE PROYECTOS ACAD\u00c9MICOS, EMPRESARIALES Y DE INNOVACI\u00d3N TECNOL\u00d3GICA ITC, CONVOCATORIA 2015<\/p>\n\n\n\n\n<p style=\"text-align: center;\">\u00a0<a href=\"http:\/\/www.itcancun.edu.mx\/?page_id=2294\">VER MAS INFORMACI\u00d3N<\/a><\/p>\n\n\n\n\n\n\n\n\n\n<p style=\"text-align: center;\">Convocatoria para Maestros de Ingles 2016 (CERRADA)<\/p>\n\n\n\n\n<p style=\"text-align: center;\">\u00a0<a href=\"http:\/\/www.itcancun.edu.mx\/?page_id=2488\">VER MAS INFORMACI\u00d3N<\/a><\/p>\n\n\n\n\n\n\n\n\n\n<p style=\"text-align: center;\">SEMANA ACAD\u00c9MICA DE LA CONTADUR\u00cdA 2016<\/p>\n\n\n\n\n<p style=\"text-align: center;\">\u00a0<a href=\"http:\/\/www.itcancun.edu.mx\/?page_id=2994\">VER MAS INFORMACI\u00d3N<\/a><\/p>\n\n -->\n","protected":false},"excerpt":{"rendered":"<p>\u00a0CONVOCATORIA CAFETERIA ITC<\/p>\n","protected":false},"author":1,"featured_media":0,"parent":1466,"menu_order":3,"comment_status":"open","ping_status":"closed","template":"","meta":{"footnotes":""},"class_list":["post-123","page","type-page","status-publish","hentry"],"_links":{"self":[{"href":"https:\/\/jbmtecnologias.com\/tec\/wp-json\/wp\/v2\/pages\/123","targetHints":{"allow":["GET"]}}],"collection":[{"href":"https:\/\/jbmtecnologias.com\/tec\/wp-json\/wp\/v2\/pages"}],"about":[{"href":"https:\/\/jbmtecnologias.com\/tec\/wp-json\/wp\/v2\/types\/page"}],"author":[{"embeddable":true,"href":"https:\/\/jbmtecnologias.com\/tec\/wp-json\/wp\/v2\/users\/1"}],"replies":[{"embeddable":true,"href":"https:\/\/jbmtecnologias.com\/tec\/wp-json\/wp\/v2\/comments?post=123"}],"version-history":[{"count":0,"href":"https:\/\/jbmtecnologias.com\/tec\/wp-json\/wp\/v2\/pages\/123\/revisions"}],"up":[{"embeddable":true,"href":"https:\/\/jbmtecnologias.com\/tec\/wp-json\/wp\/v2\/pages\/1466"}],"wp:attachment":[{"href":"https:\/\/jbmtecnologias.com\/tec\/wp-json\/wp\/v2\/media?parent=123"}],"curies":[{"name":"wp","href":"https:\/\/api.w.org\/{rel}","templated":true}]}}