{"id":12174,"date":"2022-06-09T17:22:43","date_gmt":"2022-06-09T23:22:43","guid":{"rendered":"https:\/\/www.cancun.tecnm.mx\/?page_id=12174"},"modified":"2022-06-09T17:22:43","modified_gmt":"2022-06-09T23:22:43","slug":"oferta-arquitectura","status":"publish","type":"page","link":"https:\/\/jbmtecnologias.com\/tec\/oferta-arquitectura\/","title":{"rendered":"Arquitectura"},"content":{"rendered":"\t\t<div data-elementor-type=\"wp-page\" data-elementor-id=\"12174\" class=\"elementor elementor-12174\" data-elementor-settings=\"{&quot;ha_cmc_init_switcher&quot;:&quot;no&quot;}\">\n\t\t\t\t<div class=\"elementor-element elementor-element-7bbaca36 e-flex e-con-boxed e-con e-parent\" data-id=\"7bbaca36\" data-element_type=\"container\" data-settings=\"{&quot;_ha_eqh_enable&quot;:false}\">\n\t\t\t\t\t<div class=\"e-con-inner\">\n\t\t\t\t<div class=\"elementor-element elementor-element-2608744f elementor-widget elementor-widget-text-editor\" data-id=\"2608744f\" data-element_type=\"widget\" data-widget_type=\"text-editor.default\">\n\t\t\t\t<div class=\"elementor-widget-container\">\n\t\t\t\t\t\t\t\t\t<nav class=\"doctorado\" style=\"margin-top: 3%;\">\n<ul>\n<li><a href=\"https:\/\/www.cancun.tecnm.mx\/oferta-arquitectura\">Inicio<\/a><\/li>\n<li><a href=\"https:\/\/www.cancun.tecnm.mx\/arqu-perfil-egreso\">1. Perfil de Egreso<\/a><\/li>\n<li><a href=\"https:\/\/www.cancun.tecnm.mx\/arqu-reticula\/\">2. Ret\u00edcula<\/a><\/li>\n<!-- <li><a href=\"https:\/\/www.cancun.tecnm.mx\/isc-especialidad\/\">3. Especialidad<\/a><\/li> --><!-- <li><a href=\"https:\/\/www.cancun.tecnm.mx\/isc-lineas-investigacion\/\">4. L\u00edneas de Investigaci\u00f3n<\/a><\/li> --><!-- <li><a href=\"https:\/\/www.cancun.tecnm.mx\/isc-productividad-academica\/\">5. Productividad Acad\u00e9mica<\/a><\/li> --><!-- <li><a href=\"\">4. P\u00f3ster y folleto<\/a><\/li>--><\/ul>\n<\/nav>\n<div class=\"doc-text1\" style=\"width: 90% !important;\"><center><img decoding=\"async\" class=\"\" src=\"https:\/\/www.cancun.tecnm.mx\/wp-content\/uploads\/2022\/06\/WhatsApp-Image-2022-06-09-at-7.18.54-PM.jpeg\" \/><\/center>\n<h3 style=\"text-align: center; margin-top: 3%;\">Arquitectura ARQU-2010-204<\/h3>\n<center style=\"margin-top: 6%;\"><img decoding=\"async\" style=\"width: 70%; border: 3px solid #f2f2f2; border-radius: 5px;\" src=\"https:\/\/www.cancun.tecnm.mx\/wp-content\/uploads\/2022\/06\/WhatsApp-Image-2022-06-09-at-6.26.36-PM.jpeg\" \/><\/center>\n<p>\u00a0<\/p>\n<\/div>\n\t\t\t\t\t\t\t\t<\/div>\n\t\t\t\t<\/div>\n\t\t\t\t\t<\/div>\n\t\t\t\t<\/div>\n\t\t<div class=\"elementor-element elementor-element-2ba2b99 e-flex e-con-boxed e-con e-parent\" data-id=\"2ba2b99\" data-element_type=\"container\" data-settings=\"{&quot;_ha_eqh_enable&quot;:false}\">\n\t\t\t\t\t<div class=\"e-con-inner\">\n\t\t<div class=\"elementor-element elementor-element-8457dd0 e-con-full e-flex e-con e-child\" data-id=\"8457dd0\" data-element_type=\"container\" data-settings=\"{&quot;_ha_eqh_enable&quot;:false}\">\n\t\t\t\t<div class=\"elementor-element elementor-element-ad731b7 elementor-widget__width-initial elementor-widget elementor-widget-text-editor\" data-id=\"ad731b7\" data-element_type=\"widget\" data-widget_type=\"text-editor.default\">\n\t\t\t\t<div class=\"elementor-widget-container\">\n\t\t\t\t\t\t\t\t\t<p><strong><span style=\"color: #000000;\">Objetivo<\/span><span style=\"color: #000000;\"> General<\/span><\/strong><br \/>Formar en competencias, arquitectos l\u00edderes, en un contexto de calidad, con valores y respeto a la sociedad y al medio ambiente,<\/p>\n<p>capaces de investigar, planear, dise\u00f1ar, innovar y gestionar proyectos<\/p>\n<p>integrales del h\u00e1bitat humano aplicando m\u00e9todos de vanguardia.\u00a0\u00a0<\/p>\t\t\t\t\t\t\t\t<\/div>\n\t\t\t\t<\/div>\n\t\t\t\t<div class=\"elementor-element elementor-element-4b1d8e2 elementor-widget__width-initial elementor-invisible elementor-widget elementor-widget-image\" data-id=\"4b1d8e2\" data-element_type=\"widget\" data-settings=\"{&quot;_animation&quot;:&quot;fadeInDown&quot;}\" data-widget_type=\"image.default\">\n\t\t\t\t<div class=\"elementor-widget-container\">\n\t\t\t\t\t\t\t\t\t\t\t\t\t\t\t<img decoding=\"async\" src=\"https:\/\/www.cancun.tecnm.mx\/wp-content\/uploads\/2024\/02\/Default_estudiante_de_arquitectura_diseando_planos_1.jpg\" title=\"\" alt=\"\" loading=\"lazy\" \/>\t\t\t\t\t\t\t\t\t\t\t\t\t\t\t<\/div>\n\t\t\t\t<\/div>\n\t\t\t\t<\/div>\n\t\t<div class=\"elementor-element elementor-element-4a9481c e-con-full e-flex e-con e-child\" data-id=\"4a9481c\" data-element_type=\"container\" data-settings=\"{&quot;_ha_eqh_enable&quot;:false}\">\n\t\t\t\t<div class=\"elementor-element elementor-element-1c1c1da elementor-widget elementor-widget-text-editor\" data-id=\"1c1c1da\" data-element_type=\"widget\" data-widget_type=\"text-editor.default\">\n\t\t\t\t<div class=\"elementor-widget-container\">\n\t\t\t\t\t\t\t\t\t<p>Perfil de Egreso<\/p>\n<p style=\"text-align: left;\"><span style=\"font-size: 10pt; color: #000000;\">1. Dise\u00f1a proyectos urbano-arquitect\u00f3nicos de manera integral, para crear el h\u00e1bitat humano, respetando los marcos normativos del entorno y contexto, aplicando criterios de dise\u00f1o universal.<\/span><\/p>\n<p>\u00a0<\/p>\n<p style=\"text-align: left;\"><span style=\"font-size: 10pt; color: #000000;\">2. Participar en estudios e investigaciones que permitan ampliar y profundizar en el desarrollo de proyectos operativos para la mejora continua de los modelos y procesos del dise\u00f1o y de los procesos constructivos<\/span><\/p>\n<p>\u00a0<\/p>\n<p><span style=\"font-size: 10pt; color: #000000;\">3. Dise\u00f1ar el interiorismo y paisajismo para crear ambientes confortables y funcionales.<\/span><\/p>\n<p>\u00a0<\/p>\n<p><span style=\"font-size: 10pt; color: #000000;\">4. Selecciona, aplica, eval\u00faa, innova con emprendimiento sobre tecnolog\u00edas, materiales y sistema constructivos, para la ejecuci\u00f3n de obras, considerando su ciclo de vida.<\/span><\/p>\n<p>\u00a0<\/p>\n<p><span style=\"font-size: 10pt; color: #000000;\">5. Planea, gestiona y opera desarrollos urbanos, con visi\u00f3n sostenible para elevar la calidad de vida.<\/span><\/p>\n<p>\u00a0<\/p>\n<p><span style=\"font-size: 10pt; color: #000000;\">6. Selecciona y dise\u00f1a estructuras e instalaciones viables y sustentables, para el desarrollo de proyectos urbanos arquitect\u00f3nicos.<\/span><\/p>\n<p>\u00a0<\/p>\n<p><span style=\"font-size: 10pt; color: #000000;\">7. Administra el proceso constructivo de las obras urbano-arquitect\u00f3nicas para la optimizaci\u00f3n de los recursos, con base al marco normativo vigente.<\/span><\/p>\n<p>\u00a0<\/p>\n<p><span style=\"font-size: 10pt; color: #000000;\">8. Participa en la valoraci\u00f3n, conservaci\u00f3n e intervenci\u00f3n del patrimonio, re-arquitectura, proyectos de factibilidad financiera y legislaci\u00f3n urbana para la toma de decisiones de los sectores p\u00fablico y privado.<\/span><\/p>\n<p>\u00a0<\/p>\n<p><span style=\"font-size: 10pt; color: #000000;\">9. Dirige organismos y grupos inter y multidisciplinarios para la integraci\u00f3n de proyectos urbano-arquitect\u00f3nicos.<\/span><\/p>\n<p><span style=\"font-size: 10pt; color: #000000;\">10. Act\u00faa de manera \u00e9tica, con responsabilidad social en su ejercicio profesional para el bienestar de la sociedad y su entorno.<\/span><\/p>\t\t\t\t\t\t\t\t<\/div>\n\t\t\t\t<\/div>\n\t\t\t\t<\/div>\n\t\t<div class=\"elementor-element elementor-element-db9fec2 e-con-full e-flex e-con e-child\" data-id=\"db9fec2\" data-element_type=\"container\" data-settings=\"{&quot;_ha_eqh_enable&quot;:false}\">\n\t\t\t\t<div class=\"elementor-element elementor-element-34bbe77 elementor-invisible elementor-widget elementor-widget-image\" data-id=\"34bbe77\" data-element_type=\"widget\" data-settings=\"{&quot;_animation&quot;:&quot;fadeInDown&quot;}\" data-widget_type=\"image.default\">\n\t\t\t\t<div class=\"elementor-widget-container\">\n\t\t\t\t\t\t\t\t\t\t\t\t\t\t\t<img decoding=\"async\" src=\"https:\/\/www.cancun.tecnm.mx\/wp-content\/uploads\/2024\/02\/Captura-de-pantalla-2024-02-26-175844.png\" title=\"\" alt=\"\" loading=\"lazy\" \/>\t\t\t\t\t\t\t\t\t\t\t\t\t\t\t<\/div>\n\t\t\t\t<\/div>\n\t\t\t\t<\/div>\n\t\t\t\t\t<\/div>\n\t\t\t\t<\/div>\n\t\t<div class=\"elementor-element elementor-element-77b7f4c e-flex e-con-boxed e-con e-parent\" data-id=\"77b7f4c\" data-element_type=\"container\" data-settings=\"{&quot;_ha_eqh_enable&quot;:false}\">\n\t\t\t\t\t<div class=\"e-con-inner\">\n\t\t\t\t\t<\/div>\n\t\t\t\t<\/div>\n\t\t\t\t<\/div>\n\t\t","protected":false},"excerpt":{"rendered":"<p>Inicio 1. Perfil de Egreso 2. Ret\u00edcula Arquitectura ARQU-2010-204 \u00a0 Objetivo GeneralFormar en competencias, arquitectos l\u00edderes, en un contexto de calidad, con valores y respeto a la sociedad y al medio ambiente, capaces de investigar, planear, dise\u00f1ar, innovar y gestionar proyectos integrales del h\u00e1bitat humano aplicando m\u00e9todos de vanguardia.\u00a0\u00a0 Perfil de Egreso 1. Dise\u00f1a proyectos [&hellip;]<\/p>\n","protected":false},"author":1,"featured_media":0,"parent":0,"menu_order":0,"comment_status":"closed","ping_status":"closed","template":"","meta":{"footnotes":""},"class_list":["post-12174","page","type-page","status-publish","hentry"],"_links":{"self":[{"href":"https:\/\/jbmtecnologias.com\/tec\/wp-json\/wp\/v2\/pages\/12174","targetHints":{"allow":["GET"]}}],"collection":[{"href":"https:\/\/jbmtecnologias.com\/tec\/wp-json\/wp\/v2\/pages"}],"about":[{"href":"https:\/\/jbmtecnologias.com\/tec\/wp-json\/wp\/v2\/types\/page"}],"author":[{"embeddable":true,"href":"https:\/\/jbmtecnologias.com\/tec\/wp-json\/wp\/v2\/users\/1"}],"replies":[{"embeddable":true,"href":"https:\/\/jbmtecnologias.com\/tec\/wp-json\/wp\/v2\/comments?post=12174"}],"version-history":[{"count":0,"href":"https:\/\/jbmtecnologias.com\/tec\/wp-json\/wp\/v2\/pages\/12174\/revisions"}],"wp:attachment":[{"href":"https:\/\/jbmtecnologias.com\/tec\/wp-json\/wp\/v2\/media?parent=12174"}],"curies":[{"name":"wp","href":"https:\/\/api.w.org\/{rel}","templated":true}]}}